{"id":287,"date":"2026-03-17T08:16:31","date_gmt":"2026-03-17T08:16:31","guid":{"rendered":"https:\/\/www.ywjunchi.com\/?post_type=product&#038;p=287"},"modified":"2026-05-01T07:47:10","modified_gmt":"2026-05-01T07:47:10","slug":"dw04-h36-hologramm-folie","status":"publish","type":"product","link":"https:\/\/www.ywjunchi.com\/de\/product\/dw04-h36-hologram-film\/","title":{"rendered":"DW04 H36 Hologramm-Folie"},"content":{"rendered":"<h3>DW04 Nahtlose holografische Folie (PET\/PVC Doppelmaterial)<\/h3>\n<p><strong><b>Herstellung<\/b><\/strong>:YIWU JUNCHI VERPACKUNGSMATERIAL<\/p>\n<p><strong><b>Kernspezifikation<\/b><\/strong>DW04 Serie (Zhongjia H36 Master Design+K LASER HP59 Technologie,S002)<\/p>\n<p><strong><b>Wichtige Parameter<\/b><\/strong>:<\/p>\n<p>1, Master Maximale Breite: 1090mm (ultra-breit f\u00fcr gro\u00dfformatige Produktion, reduziert Splei\u00dfen)<\/p>\n<p>2, Kompatible Materialien: Nahtlose holografische PET-Folie + nahtlose holografische PVC-Folie<\/p>\n<p>3, Hauptverwendungen: Aufkleber, Kosmetikschachteln, Zahnpastaschachteln, f\u00e4lschungssichere Verpackungen, Papierlaminierung<\/p>\n<p><strong><b>Wichtigste Effekte<\/b><\/strong>:Optionen f\u00fcr Laminierung und \u00dcbertragung<\/p>\n<p><strong><b>Erfahrung in der Produktion<\/b><\/strong>:20+Jahre Spezialisierung auf die Herstellung holografischer Folien<\/p>\n<h3>Was macht DW04 zu einem vielseitigen Anti-F\u00e4lschungs-Champion?<\/h3>\n<h4>Dual-Master-Design und fortschrittliche holografische Technologie<\/h4>\n<p>Mit der Dual-Core-Technologie - Zhongjia H36 Pr\u00e4zisionsmasterplatte + K LASER HP59 holografische Pr\u00e4gung - bietet die DW04-Serie hochaufl\u00f6sende, dynamische holografische Muster mit optischen Mikro-Nanostrukturen (gem\u00e4\u00df GB\/T 22467.3-202X).5\u03bcm Gitterperiode (4800dpi ultrahohe Aufl\u00f6sung), die eine nahtlose, gleichbleibende Brillanz \u00fcber die gesamte Breite von 1020 mm gew\u00e4hrleistet. Das Dual-Master-Design kombiniert die klassische Muster\u00e4sthetik von Zhongjia mit der fortschrittlichen Lichtinterferenztechnologie von K LASER, wodurch ein visuell unverwechselbarer Effekt entsteht, der extrem schwer zu replizieren ist.<\/p>\n<h4>Die wichtigsten Vorteile: Dual-Material-Kompatibilit\u00e4t &amp; Anti-F\u00e4lschungsschutz<\/h4>\n<p><b><\/b>Flexibilit\u00e4t durch zwei Materialien:<\/p>\n<p><b><\/b>1, PET-Version: Umweltfreundlich (ROHS-zertifiziert), stabile Leistung, ideal f\u00fcr Verpackungen, die mit Lebensmitteln in Ber\u00fchrung kommen, und hochwertige Kosmetikboxen, die den weltweiten Umweltstandards entsprechen.<\/p>\n<p><b><\/b>2, PVC-Version: Hervorragende Druckanpassung (ausgezeichnete Tintenhaftung f\u00fcr Offset-\/UV-Druck), perfekt f\u00fcr Aufkleber und dekorative Verpackungen (beliebt f\u00fcr Fest- und Werbeartikel). .<\/p>\n<p>Beide Versionen zeichnen sich durch echte nahtlose Strukturen aus, die Musterunterbrechungen eliminieren und eine einheitliche Qualit\u00e4t bei gro\u00dfformatigen Anwendungen gew\u00e4hrleisten.<\/p>\n<p><b><\/b><strong>Hervorragende Leistung bei der F\u00e4lschungsbek\u00e4mpfung:<\/strong><\/p>\n<p>Erf\u00fcllt GB\/T 17000-2009 General Technical Requirements for Holographic Anti-Counterfeit Products (Allgemeine technische Anforderungen f\u00fcr holografische Produkte zum Schutz vor F\u00e4lschungen) und integriert mehrere Sicherheitselemente: latente Laserbilder, mikrogedruckten Text (Linienbreite \u22644\u03bcm) und winkelabh\u00e4ngige Farbverschiebung. Unter nat\u00fcrlichem Licht zeigt das holografische Muster lebendige Regenbogeneffekte (Wellenl\u00e4ngenbereich 420-680 nm), die eine intuitive Echtheitspr\u00fcfung erm\u00f6glichen - F\u00e4lschungen fehlt die gleiche Klarheit und dynamische Verschiebung.<\/p>\n<h4><strong>Materialspezifische Leistung &amp; Schichtaufbau<\/strong><\/h4>\n<h5>Holografische PET-Folie (umweltfreundlich und stabil)<\/h5>\n<p>1, Basismaterial: PET in optischer Qualit\u00e4t mit einer Lichtdurchl\u00e4ssigkeit von 93% und einer Tr\u00fcbung von 0,8%, was eine hohe Klarheit gew\u00e4hrleistet.<\/p>\n<p>2, Schichtzusammensetzung (von unten nach oben): Opake Deckschicht\u2192Hochreflektierende Metallschicht\u2192PET-Kernschicht\u2192Holografische Pr\u00e4geschicht\u2192UV-best\u00e4ndige Beschichtung<\/p>\n<p>3, Leistung: Zugfestigkeit \u2265220MPa, Taber Abriebtest 1000Turn Beschlagenheit increase value\u22642%, stabil in -25\u2103~85\u2103 Umgebungen.<\/p>\n<h5>Holografische PVC-Folie (druckfreundlich und dekorativ)<\/h5>\n<p>1, Basismaterial: PVC in Lebensmittelqualit\u00e4t mit glatter Oberfl\u00e4che (Oberfl\u00e4chenenergie \u226539 mN\/m), optimiert f\u00fcr den Druck.<\/p>\n<p>2, Schichtzusammensetzung (von unten nach oben): Klebef\u00e4hige Schicht\u2192Reflektierende Schicht\u2192PVC-Kernschicht\u2192Holographisch gepr\u00e4gte Schicht\u2192 Kratzfeste Beschichtung<\/p>\n<p>3, Leistung: Hervorragende Farbhaftung (kompatibel mit Offset-, UV- und Flexodruck), rei\u00dffest und leicht zu stanzen f\u00fcr die Produktion von Aufklebern.<\/p>\n<h3>Gezielte Anwendungen<\/h3>\n<p><b><\/b>1, Etikettenproduktion: Hochsicherheitsaufkleber f\u00fcr Kosmetika, Pharmazeutika und Markenprodukte.<\/p>\n<p><b><\/b>2, Herstellung von Verpackungen: Kosmetikschachteln, Zahnpastaschachteln, hochwertige Geschenkschachteln und gro\u00dfformatige Verpackungen (1020 mm Breite passen zu Standardbogengr\u00f6\u00dfen).<\/p>\n<p><b><\/b>3, L\u00f6sungen zum Schutz vor F\u00e4lschungen: Markenschutzverpackungen f\u00fcr Elektronik, Chemikalien des t\u00e4glichen Bedarfs und Konsumg\u00fcter - Nutzung der Einzigartigkeit von Doppelmustern, um F\u00e4lschungen zu verhindern.<\/p>\n<p><b><\/b>4, Papierlaminierung: Laminierte Papiertaschen, Katalogumschl\u00e4ge und Werbematerialien (kombiniert holografische Attraktivit\u00e4t mit Materialbest\u00e4ndigkeit).<\/p>\n<h3>Warum YWJUNCHI DW04 w\u00e4hlen?<\/h3>\n<p><b><\/b>Vielseitigkeit mit zwei Materialien: PET\/PVC-Optionen zur Erf\u00fcllung verschiedener Anwendungs- und Umweltanforderungen.<\/p>\n<p><b><\/b>Ultrabreite Effizienz: Die maximale Breite von 1020 mm reduziert den Materialabfall um 20% im Vergleich zu schmaleren Folien und senkt die Produktionskosten.<\/p>\n<p><b><\/b>Standardkonforme Qualit\u00e4t: Erf\u00fcllt die Normen GB\/T 22467.3-202X und GB\/T 17000-2009 und gew\u00e4hrleistet Zuverl\u00e4ssigkeit und globalen Marktzugang.<\/p>\n<p><b><\/b>Kompatibilit\u00e4t mit mehreren Prozessen: Optimiert f\u00fcr Offsetdruck, Stanzen und Papierlaminierung - eine Folie f\u00fcr mehrere Produktionsanforderungen.<\/p>\n<p><b><\/b>Customization Support: Einstellbare Dicke (16-50\u03bcm f\u00fcr PET holographische Folie; 50\u03bcm f\u00fcr PVC holographische Folie; 18um f\u00fcr Bopp holographische Folie), Farbton (Silber, Gold, transparent zns), und Sicherheitselement Integration.<\/p>\n<h3><strong><b>FAQ?<\/b><\/strong><\/h3>\n<p>Was ist der Unterschied zwischen PET- und PVC-Versionen?<\/p>\n<p>PET: Umweltfreundlich, stabil, lebensmittelvertr\u00e4glich. Dicke 16 Mikron und 50 Mikron.<\/p>\n<p>PVC: Hervorragende Druckanpassungsf\u00e4higkeit, kosteng\u00fcnstig f\u00fcr dekorative Anwendungen. Dicke 50um.<\/p>\n<p>Ist es f\u00fcr die Hochgeschwindigkeits-Etikettenproduktion geeignet?Ja, die Anti-Haft-Eigenschaften sorgen f\u00fcr einen reibungslosen Transport durch die Etikettenmaschinen.<\/p>\n<p>Wie unterscheidet sich DW04 von DW02?<\/p>\n<table>\n<tbody>\n<tr>\n<td width=\"184\">Modell<\/td>\n<td width=\"184\">Kerndesign<\/td>\n<td width=\"184\">Breite<\/td>\n<td width=\"184\">Kompatible Materialien<\/td>\n<td width=\"184\">Zentrale St\u00e4rke<\/td>\n<\/tr>\n<tr>\n<td width=\"184\">DW04<\/td>\n<td width=\"184\">Zhongjia H36 + K LASER HP59<\/td>\n<td width=\"184\">1020mm<\/td>\n<td width=\"184\">PET UND PVC<\/td>\n<td width=\"184\">Vielseitigkeit mit zwei Materialien<\/td>\n<\/tr>\n<tr>\n<td width=\"184\">DW02<\/td>\n<td width=\"184\">H16 Glasscherben + K LASER HP38<\/td>\n<td width=\"184\">1000mm<\/td>\n<td width=\"184\">Nur PET<\/td>\n<td width=\"184\">Zerbrochenes Glas Anti-F\u00e4lschungen<\/td>\n<\/tr>\n<\/tbody>\n<\/table>\n<p>Verbessern Sie Ihre Verpackungs- und F\u00e4lschungssicherheitsstrategie mit der Flexibilit\u00e4t von DW04, das aus zwei Materialien besteht und eine extrem breite Leistung bietet. YWJUNCHI liefert ma\u00dfgeschneiderte L\u00f6sungen, die den einzigartigen Anforderungen Ihrer Marke gerecht werden.<\/p>","protected":false},"excerpt":{"rendered":"<p>DW04 nahtlose Hologrammfolie oder HP59 holografische Vorlage, maximale Breite 1090mm<\/p>","protected":false},"featured_media":405,"comment_status":"open","ping_status":"closed","template":"","meta":[],"product_brand":[],"product_cat":[17],"product_tag":[60,32,68,33],"class_list":{"0":"post-287","1":"product","2":"type-product","3":"status-publish","4":"has-post-thumbnail","6":"product_cat-holographic-film","7":"product_tag-hp59-holographic-film","8":"product_tag-pet-hologram-film","9":"product_tag-s002","10":"product_tag-seamless-pet-holographic-film","12":"first","13":"instock","14":"shipping-taxable","15":"product-type-simple"},"_links":{"self":[{"href":"https:\/\/www.ywjunchi.com\/de\/wp-json\/wp\/v2\/product\/287","targetHints":{"allow":["GET"]}}],"collection":[{"href":"https:\/\/www.ywjunchi.com\/de\/wp-json\/wp\/v2\/product"}],"about":[{"href":"https:\/\/www.ywjunchi.com\/de\/wp-json\/wp\/v2\/types\/product"}],"replies":[{"embeddable":true,"href":"https:\/\/www.ywjunchi.com\/de\/wp-json\/wp\/v2\/comments?post=287"}],"wp:featuredmedia":[{"embeddable":true,"href":"https:\/\/www.ywjunchi.com\/de\/wp-json\/wp\/v2\/media\/405"}],"wp:attachment":[{"href":"https:\/\/www.ywjunchi.com\/de\/wp-json\/wp\/v2\/media?parent=287"}],"wp:term":[{"taxonomy":"product_brand","embeddable":true,"href":"https:\/\/www.ywjunchi.com\/de\/wp-json\/wp\/v2\/product_brand?post=287"},{"taxonomy":"product_cat","embeddable":true,"href":"https:\/\/www.ywjunchi.com\/de\/wp-json\/wp\/v2\/product_cat?post=287"},{"taxonomy":"product_tag","embeddable":true,"href":"https:\/\/www.ywjunchi.com\/de\/wp-json\/wp\/v2\/product_tag?post=287"}],"curies":[{"name":"wp","href":"https:\/\/api.w.org\/{rel}","templated":true}]}}