{"id":277,"date":"2026-03-17T08:12:02","date_gmt":"2026-03-17T08:12:02","guid":{"rendered":"https:\/\/www.ywjunchi.com\/?post_type=product&#038;p=277"},"modified":"2026-05-01T06:17:54","modified_gmt":"2026-05-01T06:17:54","slug":"dw09-h53-nahtlose-hologrammfolie","status":"publish","type":"product","link":"https:\/\/www.ywjunchi.com\/de\/product\/dw09-h53-seamless-hologram-film\/","title":{"rendered":"DW09-H53 nahtlose Hologrammfolie"},"content":{"rendered":"<h2>YWJUNCHI DW09 Nahtlose holografische Folie:<\/h2>\n<p>DW09 Rasterdiamant Nahtlose holografische Folie (PET\/PVC Doppelmaterial)<\/p>\n<p><strong>Herstellung<\/strong>:YIWU JUNCHI VERPACKUNGSMATERIAL FIRMA<\/p>\n<p><strong>Kernspezifikation<\/strong>:DW09 Serie (Zhongjia H53 Hologramm Master+K LASER HP17 Hologramm Master)<\/p>\n<p><strong>Wichtige Parameter<\/strong>:<\/p>\n<p>Maximale Breite des Masters: 1120 mm (ultrabreit f\u00fcr gro\u00dfformatige Produktion, minimiert Splei\u00dfen und Materialabfall)<\/p>\n<p>Materialtyp: Nahtlose holografische PET-Folie und nahtlose holografische PVC-Folie (zwei Materialien f\u00fcr unterschiedliche Anforderungen)<\/p>\n<p>Kernanwendungen:Laminierung (Hologramm-Papier\/holografische Karte),Druck (UV\/Offset\/Flexo),Aufkleber-Etikettenproduktion<\/p>\n<p><strong>Wichtigste Effekte<\/strong>:Optionen f\u00fcr Laminierung und \u00dcbertragung<\/p>\n<p><strong>Erfahrung in der Produktion<\/strong>:20+ Jahre Spezialisierung auf die Herstellung holografischer Folien<\/p>\n<p>Was macht DW09 zu einer vielseitigen holografischen Wahl?<\/p>\n<h2>Dual-Master-Design und fortschrittliche holografische Handwerkskunst<\/h2>\n<p>Die DW09-Serie wird mit Hilfe der Dual-Core-Premium-Technologie - der H53-Pr\u00e4zisionsmasterplatte von Zhongjia in Kombination mit der holografischen Pr\u00e4gung HP17 von K LASER - hergestellt und bietet hochaufl\u00f6sende, dynamische holografische Muster mit ultrafeinen Mikro-Nano-Strukturen (\u22654000 dpi Aufl\u00f6sung).Diese Dual-Master-Integration verbindet die klassische Muster\u00e4sthetik von Zhongjia mit der fortschrittlichen Lichtinterferenztechnologie von K LASER, wodurch ein visuell unverwechselbarer und schwer zu reproduzierender holografischer Effekt entsteht. Die echte nahtlose Struktur sorgt f\u00fcr eine gleichbleibende Klarheit und Brillanz der Muster \u00fcber die gesamte ultrabreite Breite von 1120 mm, ohne Splei\u00dfl\u00fccken oder Musterbr\u00fcche, selbst bei gro\u00dfformatiger Verarbeitung.<\/p>\n<h2>Die wichtigsten Vorteile: Dual-Material-Flexibilit\u00e4t und Anpassungsf\u00e4higkeit an mehrere Verwendungszwecke<\/h2>\n<p><strong>Dual-Material-Kompatibilit\u00e4t<\/strong>:<\/p>\n<p><strong>Nahtlose holografische PET-Folie<\/strong>Umweltfreundlich (ROHS-zertifiziert), ausgezeichnete Dimensionsstabilit\u00e4t, hohe Hitzebest\u00e4ndigkeit (h\u00e4lt Laminierungs-\/Druckverfahren von 100-120\u2103 stand), ideal f\u00fcr Verpackungen mit Lebensmittelkontakt oder hochwertige Anwendungen, mit einer Zugfestigkeit von \u2265220MPa und geringer Tr\u00fcbung (\u22641,2%) f\u00fcr eine klare holografische Darstellung.<\/p>\n<p><strong>Nahtlose holografische PVC-Folie<\/strong>Hervorragende Flexibilit\u00e4t, einfaches Stanzen von Aufklebern und hervorragende Druckanpassung (kompatibel mit verschiedenen Tintentypen), kosteneffektiv f\u00fcr dekorative und allgemeine Verpackungsanforderungen, mit starker Best\u00e4ndigkeit gegen \u00d6l und Chemikalien.<\/p>\n<p><strong>Mehrseiten-Optimierung<\/strong>:<\/p>\n<p><strong>Exzellente Laminierung<\/strong>Beschichtet mit umweltfreundlichem Klebstoff (f\u00fcr PET) oder Primer (f\u00fcr PVC), der eine starke Klebekraft (\u22650,8N\/15mm) mit Papier, Karton und anderen Substraten gew\u00e4hrleistet und Blasenbildung, Delaminierung und Faltenbildung w\u00e4hrend des Laminiervorgangs widersteht.<\/p>\n<p><strong>Druckkompatibilit\u00e4t<\/strong>Oberfl\u00e4chenbehandelt f\u00fcr verbesserte Tintenhaftung (Oberfl\u00e4chenenergie \u226538 mN\/m), kompatibel mit UV-, Offset- und Flexodruck, die glatte Oberfl\u00e4che verhindert das Ausbluten der Tinte und gew\u00e4hrleistet hochaufl\u00f6sende Druckmotive, die den holografischen Effekt erg\u00e4nzen.<\/p>\n<p><strong>Aufkleber Etikett Anpassungsf\u00e4higkeit<\/strong>Einstellbare Dicke (PET-Hologramm-Folie 12-50\u03bcm; nahtlose PVC-Hologramm-Folie 50\u03bcm; Bopp-Hologramm-Folie 18 Mikron) eignet sich zum Stanzen von Etiketten und zum Aufkleben; antistatische Eigenschaften (Oberfl\u00e4chenwiderstand \u226410\u00b9\u2070\u03a9) verhindern die Ansammlung von Staub w\u00e4hrend der Verarbeitung und verringern den Produktionsabfall.<\/p>\n<p><strong>Leistung bei der F\u00e4lschungsbek\u00e4mpfung<\/strong>Einzigartiges holografisches Doppelmaster-Muster bildet eine nat\u00fcrliche Barriere gegen F\u00e4lschungen, die ohne spezielle Gussausr\u00fcstung nur schwer zu replizieren ist. unterst\u00fctzt zus\u00e4tzliche Sicherheitselemente (mikrogedruckter Text, latente Bilder) zur Verbesserung des Markenschutzes und erf\u00fcllt die holografischen F\u00e4lschungsschutznormen GB\/T 17000-2009.<\/p>\n<h2>Materialspezifischer Schichtaufbau<\/h2>\n<p><strong>PET-Version (umweltfreundlich und stabil)<\/strong>:<\/p>\n<p>Opake Deckschicht\u2192Hochreflektierende Metallschicht\u2192PET-Kernschicht\u2192Holographisch gepr\u00e4gte Schicht\u2192UV-best\u00e4ndige &amp; kratzfeste Beschichtung<\/p>\n<p>Gew\u00e4hrleistet lang anhaltende holografische Brillanz, Kratzfestigkeit (H-Stifth\u00e4rte) und Kompatibilit\u00e4t mit Hochgeschwindigkeits-Produktionslinien.<\/p>\n<p><strong>PVC-Version (flexibel und druckfreundlich)<\/strong>:<\/p>\n<p>Klebef\u00e4hige Schicht\u2192Reflektierende Schicht\u2192PVC-Kernschicht\u2192Holographisch gepr\u00e4gte Schicht\u2192Antihaftbeschichtung<\/p>\n<p>Optimiert f\u00fcr Flexibilit\u00e4t und Stanzung, perfekt f\u00fcr Aufkleber und dekorative Verpackungen mit einfacher Verarbeitung.<\/p>\n<h2>Gezielte Anwendungen<\/h2>\n<p>Dank der Flexibilit\u00e4t von zwei Materialien, der ultrabreiten Breite von 1120 mm und der Kompatibilit\u00e4t mit mehreren Prozessen ist der DW09 ideal f\u00fcr den Einsatz:<\/p>\n<p><strong>Lamination Produkte<\/strong>Premium-Papiertaschen, Katalogumschl\u00e4ge, Geschenkkartons, Verpackungskartons (1120 mm Breite f\u00fcr gro\u00dfformatige B\u00f6gen ohne Splei\u00dfung).<\/p>\n<p><strong>Gedruckte Materialien<\/strong>Markenplakate, Verpackungsh\u00fcllen, Werbeflyer und hochwertige Produktetiketten (kombiniert holografische Anmutung mit klarem Druck).<\/p>\n<p><strong>Aufkleber Etiketten<\/strong>Sicherheitsaufkleber, Kosmetika-Etiketten, Etiketten f\u00fcr Chemikalien des t\u00e4glichen Bedarfs und Markenetiketten (flexible PVC\/PET-Optionen f\u00fcr verschiedene Etikettenanforderungen).<\/p>\n<p><strong>Allgemeine Verpackungen<\/strong>Kosmetikschachteln, Verpackungen f\u00fcr Chemikalien des t\u00e4glichen Bedarfs, Geschenkschachteln und Verpackungen f\u00fcr Konsumg\u00fcter (aus zwei Materialien, um unterschiedlichen Kosten- und Umweltanforderungen gerecht zu werden).<\/p>\n<h2>Warum YWJUNCHI DW09 w\u00e4hlen?<\/h2>\n<p><strong>Dual-Master-Vorteil<\/strong>Zhongjia H53 + K LASER HP17 Dual Design liefert einzigartige, hochaufl\u00f6sende holografische Effekte f\u00fcr eine verbesserte Markendifferenzierung.<\/p>\n<p><strong>Ultraweite Effizienz<\/strong>Die maximale Breite von 1120 mm reduziert den Materialabfall um 25% im Vergleich zu schmaleren Folien und senkt die Produktionskosten f\u00fcr gro\u00dfformatige Anwendungen.<\/p>\n<p><strong>Vielseitigkeit mit zwei Materialien<\/strong>Die PET\/PVC-Optionen decken umweltfreundliche, hochwertige und kosteneffiziente Anforderungen ab - eine Produktlinie f\u00fcr unterschiedliche Kundenanforderungen.<\/p>\n<p><strong>Multi-Process-Kompatibilit\u00e4t<\/strong>Optimiert f\u00fcr die Laminierung, den Druck und die Herstellung von Aufklebern, wodurch die Notwendigkeit f\u00fcr mehrere Folientypen entf\u00e4llt.<\/p>\n<p><strong>Qualit\u00e4tssicherung<\/strong>Mehr als 20 Jahre Erfahrung in der Herstellung, strenge Tests f\u00fcr Musterkonsistenz, Materialleistung und Anpassungsf\u00e4higkeit bei der Verarbeitung; erf\u00fcllt die EU-ReACH- und chinesischen Umweltstandards.<\/p>\n<p><strong>Unterst\u00fctzung bei der Anpassung<\/strong>Einstellbare Dicke, Farbton (silber, gold, kundenspezifisch) und optionale Sicherheitselemente zur Anpassung an markenspezifische Anforderungen.<\/p>\n<h2>FAQ?<\/h2>\n<p><strong>Was ist der Unterschied zwischen der PET-Folien- und der PVC-Folienversion von DW09?<\/strong><br \/>\nPET-Folie: Umweltfreundlich, stabil, hitzebest\u00e4ndig, geeignet f\u00fcr hochwertige Anwendungen und Anwendungen mit Lebensmittelkontakt.<\/p>\n<p>PVC-Folie: Flexibel, bedruckbar, kosteng\u00fcnstig, ideal f\u00fcr Aufkleber und dekorative Verpackungen.<\/p>\n<p><strong>Kann das DW09 f\u00fcr die Hochgeschwindigkeits-Etikettenproduktion verwendet werden?<\/strong><br \/>\nJa. Antihaft- und antistatische Eigenschaften sorgen f\u00fcr einen reibungslosen Transport durch Etikettenmaschinen und unterst\u00fctzen Hochgeschwindigkeitsstanzungen und Klebstoffanwendungen.<\/p>\n<p><strong>Wie unterscheidet sich DW09 von DW03\/DW04?<\/strong><\/p>\n<table>\n<tbody>\n<tr>\n<td width=\"110\">Modell<\/td>\n<td width=\"110\">Kerndesign<\/td>\n<td width=\"110\">Breite<\/td>\n<td width=\"110\">Kompatible Materialien<\/td>\n<td width=\"110\">Zentrale St\u00e4rke<\/td>\n<\/tr>\n<tr>\n<td width=\"110\">DW09<\/td>\n<td width=\"110\">Zhongjia H53 + K LASER HP17<\/td>\n<td width=\"110\">1120mm<\/td>\n<td width=\"110\">PET UND PVC<\/td>\n<td width=\"110\">Ultrabreit + Mehrfachverwendung (Laminierung\/Druck\/Etiketten)<\/td>\n<\/tr>\n<tr>\n<td width=\"110\">DW03<\/td>\n<td width=\"110\">Zhongjia H42 + K LASER HP12 (Feinkornsand)<\/td>\n<td width=\"110\">1090mm<\/td>\n<td width=\"110\">PET UND PVC<\/td>\n<td width=\"110\">Premium Feinsand Textur + Versteckte Verschl\u00fcsselung<\/td>\n<\/tr>\n<tr>\n<td width=\"110\">DW04<\/td>\n<td width=\"110\">Zhongjia H36 + K LASER HP59<\/td>\n<td width=\"110\">1020mm<\/td>\n<td width=\"110\">PET UND PVC<\/td>\n<td width=\"110\">Vielseitigkeit mit zwei Materialien f\u00fcr allgemeine Verpackungen<\/td>\n<\/tr>\n<\/tbody>\n<\/table>\n<p>Verbessern Sie Ihre Verpackungs-, Druck- und Etikettenproduktion mit dem holografischen Dual-Master-Effekt von DW09, der ultrabreiten Breite und der Flexibilit\u00e4t von zwei Materialien. YWJUNCHI liefert ma\u00dfgeschneiderte L\u00f6sungen, um die einzigartigen Anforderungen Ihrer Marke zu erf\u00fcllen. Kostenlose Muster zum Testen verf\u00fcgbar!<\/p>\n<p>YWJUNCHI DW09 - Wo Vielseitigkeit, Breite und holografische Exzellenz Ihre Produktionsbed\u00fcrfnisse erf\u00fcllen!<\/p>","protected":false},"excerpt":{"rendered":"<p>DW09 ist HP17 nahtlos gerasterte holografische Folie, maximale Breite 1120mm.<\/p>","protected":false},"featured_media":407,"comment_status":"open","ping_status":"closed","template":"","meta":[],"product_brand":[],"product_cat":[17],"product_tag":[61,62],"class_list":{"0":"post-277","1":"product","2":"type-product","3":"status-publish","4":"has-post-thumbnail","6":"product_cat-holographic-film","7":"product_tag-hp17-pet-holographic-film","8":"product_tag-hp17-pvc-holographic-film","10":"first","11":"instock","12":"shipping-taxable","13":"product-type-simple"},"_links":{"self":[{"href":"https:\/\/www.ywjunchi.com\/de\/wp-json\/wp\/v2\/product\/277","targetHints":{"allow":["GET"]}}],"collection":[{"href":"https:\/\/www.ywjunchi.com\/de\/wp-json\/wp\/v2\/product"}],"about":[{"href":"https:\/\/www.ywjunchi.com\/de\/wp-json\/wp\/v2\/types\/product"}],"replies":[{"embeddable":true,"href":"https:\/\/www.ywjunchi.com\/de\/wp-json\/wp\/v2\/comments?post=277"}],"wp:featuredmedia":[{"embeddable":true,"href":"https:\/\/www.ywjunchi.com\/de\/wp-json\/wp\/v2\/media\/407"}],"wp:attachment":[{"href":"https:\/\/www.ywjunchi.com\/de\/wp-json\/wp\/v2\/media?parent=277"}],"wp:term":[{"taxonomy":"product_brand","embeddable":true,"href":"https:\/\/www.ywjunchi.com\/de\/wp-json\/wp\/v2\/product_brand?post=277"},{"taxonomy":"product_cat","embeddable":true,"href":"https:\/\/www.ywjunchi.com\/de\/wp-json\/wp\/v2\/product_cat?post=277"},{"taxonomy":"product_tag","embeddable":true,"href":"https:\/\/www.ywjunchi.com\/de\/wp-json\/wp\/v2\/product_tag?post=277"}],"curies":[{"name":"wp","href":"https:\/\/api.w.org\/{rel}","templated":true}]}}