{"id":261,"date":"2026-03-17T08:01:23","date_gmt":"2026-03-17T08:01:23","guid":{"rendered":"https:\/\/www.ywjunchi.com\/?post_type=product&#038;p=261"},"modified":"2026-05-05T01:49:57","modified_gmt":"2026-05-05T01:49:57","slug":"dw18-nahtlose-hologrammfolie-fur-haustiere","status":"publish","type":"product","link":"https:\/\/www.ywjunchi.com\/de\/product\/dw18-seamless-pet-hologram-film\/","title":{"rendered":"DW18 nahtlose Hologrammfolie f\u00fcr Haustiere"},"content":{"rendered":"<p><strong><b>YWJUNCHI DW18 Milky Way Sand Nahtlose PET Holographische Folie: 16\u03bcm ROHS-zertifizierte UV-Druckl\u00f6sung<\/b><\/strong><\/p>\n<p>Herstellung:YIWU JUNCHI PACKAGING MATERIAL<\/p>\n<p><strong><b>Kernspezifikation<\/b><\/strong>DW18 Haustier-Hologramm-Film (Milchstra\u00dfen-Sand-Hologramm-Meister)<\/p>\n<p>Wichtige Parameter:<\/p>\n<p>1,Master Maximale Breite: 1020mm (optimiert f\u00fcr gro\u00dfformatigen Druck\/Laminierung)<\/p>\n<p>2, Dicke: 16\u03bcm (ideal f\u00fcr Flexibilit\u00e4t + strukturelle Stabilit\u00e4t Gleichgewicht)<\/p>\n<p>3, Hauptverwendungen: Papierkaschierung, UV-Druck (digital\/offset)<\/p>\n<p>4, Zertifizierung: ROHS-zertifiziert (konform mit EU REACH und chinesischen Umweltstandards), Halogen-Test bestanden.<\/p>\n<p>Schl\u00fcsseleffekte:Optionen f\u00fcr Laminierung und \u00dcbertragung<\/p>\n<p>Produktionserfahrung:Mehr als 20 Jahre Erfahrung in der Herstellung holografischer Folien<\/p>\n<figure id=\"attachment_606\" aria-describedby=\"caption-attachment-606\" style=\"width: 800px\" class=\"wp-caption alignnone\"><img fetchpriority=\"high\" decoding=\"async\" class=\"size-full wp-image-606\" src=\"https:\/\/www.ywjunchi.com\/wp-content\/uploads\/2026\/03\/012-1.jpg\" alt=\"DW18 nahtlose holografische Folie f\u00fcr Haustiere\" width=\"800\" height=\"800\" srcset=\"https:\/\/www.ywjunchi.com\/wp-content\/uploads\/2026\/03\/012-1.jpg 800w, https:\/\/www.ywjunchi.com\/wp-content\/uploads\/2026\/03\/012-1-300x300.jpg 300w, https:\/\/www.ywjunchi.com\/wp-content\/uploads\/2026\/03\/012-1-100x100.jpg 100w, https:\/\/www.ywjunchi.com\/wp-content\/uploads\/2026\/03\/012-1-600x600.jpg 600w, https:\/\/www.ywjunchi.com\/wp-content\/uploads\/2026\/03\/012-1-150x150.jpg 150w, https:\/\/www.ywjunchi.com\/wp-content\/uploads\/2026\/03\/012-1-768x768.jpg 768w\" sizes=\"(max-width: 800px) 100vw, 800px\" \/><figcaption id=\"caption-attachment-606\" class=\"wp-caption-text\">DW18 nahtlose holografische Folie f\u00fcr Haustiere<\/figcaption><\/figure>\n<h3>Was macht DW18 zu einem herausragenden Produkt f\u00fcr UV-Druck und Papierlaminierung?<\/h3>\n<h4>Exklusive Milchstra\u00dfen-Sandtextur und Pr\u00e4zisionshandwerk<\/h4>\n<p>Die DW18-Serie wird mit einer fortschrittlichen holografischen Pr\u00e4getechnologie hergestellt und verf\u00fcgt \u00fcber einzigartige holografische Milchstra\u00dfenmuster - eine mittelk\u00f6rnige Sandtextur, die ein perfektes Gleichgewicht zwischen dem feinen Sand von DW03 (subtil) und dem gr\u00f6beren Sand von DW04 (fett) darstellt.Die Sandk\u00f6rnung von 0,05-0.Die Sandkorngr\u00f6\u00dfe von 0,05-0,0 mm\u00b2 erzeugt einen weichen, sternf\u00f6rmigen \u2019Milchstra\u00dfen\u2019-Effekt mit sanfter Regenbogeninterferenz (Wellenl\u00e4ngenbereich 420-680 nm), der eine erstklassige Haptik und Optik bietet, ohne die gedruckten Designs zu \u00fcberlagern. Die echte nahtlose Struktur gew\u00e4hrleistet eine gleichbleibende Musterqualit\u00e4t \u00fcber die gesamte Breite von 1020 mm, ohne Splei\u00dfen oder Musterunterbrechungen.<\/p>\n<figure id=\"attachment_607\" aria-describedby=\"caption-attachment-607\" style=\"width: 800px\" class=\"wp-caption alignnone\"><img decoding=\"async\" class=\"size-full wp-image-607\" src=\"https:\/\/www.ywjunchi.com\/wp-content\/uploads\/2026\/03\/7V0A9420.jpg\" alt=\"DW18 nahtlose holografische Folie f\u00fcr Haustiere\" width=\"800\" height=\"800\" srcset=\"https:\/\/www.ywjunchi.com\/wp-content\/uploads\/2026\/03\/7V0A9420.jpg 800w, https:\/\/www.ywjunchi.com\/wp-content\/uploads\/2026\/03\/7V0A9420-300x300.jpg 300w, https:\/\/www.ywjunchi.com\/wp-content\/uploads\/2026\/03\/7V0A9420-100x100.jpg 100w, https:\/\/www.ywjunchi.com\/wp-content\/uploads\/2026\/03\/7V0A9420-600x600.jpg 600w, https:\/\/www.ywjunchi.com\/wp-content\/uploads\/2026\/03\/7V0A9420-150x150.jpg 150w, https:\/\/www.ywjunchi.com\/wp-content\/uploads\/2026\/03\/7V0A9420-768x768.jpg 768w\" sizes=\"(max-width: 800px) 100vw, 800px\" \/><figcaption id=\"caption-attachment-607\" class=\"wp-caption-text\">DW18 nahtlose holografische Folie f\u00fcr Haustiere<\/figcaption><\/figure>\n<h4>Ma\u00dfgeschneiderte Leistung f\u00fcr die wichtigsten Anwendungsbereiche<\/h4>\n<p><b><\/b><strong><b>UV-Druck Exzellenz<\/b><\/strong>:<\/p>\n<p>Die mit einer speziellen Primer-Beschichtung behandelte Oberfl\u00e4che (Oberfl\u00e4chenenergie \u226538 mN\/m) sorgt f\u00fcr eine starke UV-Tintenhaftung (3x h\u00f6her als bei Standard-PET-Folien), die den 100-fachen Tape-Peel-Test ohne Farbverlust besteht. Die geringe Tr\u00fcbung (\u22641,5%) und die hohe Transmission (\u226592%) der Folie sorgen f\u00fcr lebendige gedruckte Farben und eignen sich perfekt f\u00fcr feine Logos, QR-Codes und Farbverl\u00e4ufe.<\/p>\n<p><b><\/b><strong><b>Papierlaminierung \u00dcberlegenheit<\/b><\/strong>:<\/p>\n<p>Beschichtet mit umweltfreundlichem EAA-Schmelzklebstoff, der eine Klebekraft von \u22650,8N\/15mm mit Kunstdruck-, Karton- und Kraftpapier erreicht. Widersteht Blasenbildung, Delaminierung und Faltenbildung w\u00e4hrend der Laminierung (unterst\u00fctzt 100-120\u2103 Prozesstemperatur). Nach der Laminierung verleiht die milchige Sandtextur der Verpackung taktilen Luxus und erh\u00f6ht den wahrgenommenen Markenwert.<\/p>\n<p><b><\/b><strong><b>Umweltfreundlich und langlebig<\/b><\/strong>:<\/p>\n<p>ROHS-zertifiziert (keine Schwermetalle oder Schadstoffe), entspricht den globalen \u201cDouble Carbon\u201d-Umwelttrends und den REACH-Vorschriften der EU.Antistatische Eigenschaften (Oberfl\u00e4chenwiderstand \u226410\u00b9\u2070\u03a9) verhindern die Ansammlung von Staub w\u00e4hrend der Verarbeitung, wodurch der Abfall um 15% reduziert wird.H\u00e4lt einem Temperaturbereich von -20\u2103~60\u2103 stand, QUO-Alterungstest 2000 Stunden ohne Vergilben oder Verblassen.<\/p>\n<h4>Optimierter Schichtaufbau (16\u03bcm PET-Kern)<\/h4>\n<p>Opake Deckschicht\u2192Hochreflektierende Metallschicht\u219216\u03bcm PET-Kernschicht\u2192Milky Way Sand Holographic Embossed Layer\u2192UV Ink Compatibility Coating<\/p>\n<p>Die spezielle UV-Beschichtung verbessert die Kratzfestigkeit (Bleistifth\u00e4rte Stufe H) und die Effizienz der Tintenh\u00e4rtung, w\u00e4hrend der 16\u03bcm-PET-Kern ein Gleichgewicht zwischen Flexibilit\u00e4t (f\u00fcr die Verpackung) und struktureller Stabilit\u00e4t (f\u00fcr Druck\/Laminierung) herstellt.<\/p>\n<h3>Gezielte Anwendungen<\/h3>\n<p><b><\/b><strong><b>UV-Druck-Projekte<\/b><\/strong>Produktetiketten, Verpackungsh\u00fcllen, Werbeposter, Markenflyer und hochwertige Kataloge.<\/p>\n<p><b><\/b><strong><b>Papierlaminierungsprodukte<\/b><\/strong>Premium-Verpackungsschachteln (Kosmetika, Chemikalien f\u00fcr den t\u00e4glichen Gebrauch, Geschenke), Markentaschen aus Papier, Einladungskarten und Buchumschl\u00e4ge.<\/p>\n<p><b><\/b><strong><b>Ideale Industrien<\/b><\/strong>Kosmetika, Chemikalien f\u00fcr den t\u00e4glichen Gebrauch, Lebensmittel und Getr\u00e4nke sowie Luxusg\u00fcter, bei denen hochwertige Verpackungen und die Einhaltung von Umweltauflagen entscheidend sind.<\/p>\n<figure id=\"attachment_608\" aria-describedby=\"caption-attachment-608\" style=\"width: 800px\" class=\"wp-caption alignnone\"><img decoding=\"async\" class=\"size-full wp-image-608\" src=\"https:\/\/www.ywjunchi.com\/wp-content\/uploads\/2026\/03\/012-2.jpg\" alt=\"DW18 nahtlose holografische Folie f\u00fcr Haustiere\" width=\"800\" height=\"800\" srcset=\"https:\/\/www.ywjunchi.com\/wp-content\/uploads\/2026\/03\/012-2.jpg 800w, https:\/\/www.ywjunchi.com\/wp-content\/uploads\/2026\/03\/012-2-300x300.jpg 300w, https:\/\/www.ywjunchi.com\/wp-content\/uploads\/2026\/03\/012-2-100x100.jpg 100w, https:\/\/www.ywjunchi.com\/wp-content\/uploads\/2026\/03\/012-2-600x600.jpg 600w, https:\/\/www.ywjunchi.com\/wp-content\/uploads\/2026\/03\/012-2-150x150.jpg 150w, https:\/\/www.ywjunchi.com\/wp-content\/uploads\/2026\/03\/012-2-768x768.jpg 768w\" sizes=\"(max-width: 800px) 100vw, 800px\" \/><figcaption id=\"caption-attachment-608\" class=\"wp-caption-text\">DW18 nahtlose holografische Folie f\u00fcr Haustiere<\/figcaption><\/figure>\n<h3>Warum sollten Sie sich f\u00fcr YWJUNCHI DW18 entscheiden?<\/h3>\n<p><b><\/b><strong><b>Einzigartige Sandtextur<\/b><\/strong>Das mittelk\u00f6rnige Milky-Way-Design f\u00fcllt die L\u00fccke zwischen DW03 (fein) und DW04 (grob) und bietet differenzierte Branding-Optionen.<\/p>\n<p><b><\/b><strong><b>Anwendungsorientiertes Design<\/b><\/strong>:16\u03bcm Dicke+Primer-Beschichtung, die auf den UV-Druck und die Papierlaminierung zugeschnitten ist und die Probleme der Branche in Bezug auf Farbhaftung und Laminierungsstabilit\u00e4t l\u00f6st.<\/p>\n<p><b><\/b><strong><b>\u00d6ko-zertifiziert<\/b><\/strong>ROHS-konform, erf\u00fcllt globale Umweltstandards f\u00fcr Exportm\u00e4rkte (EU, S\u00fcdostasien, Nordamerika).<\/p>\n<p><b><\/b><strong><b>Kosteng\u00fcnstig<\/b><\/strong>Die Breite von 1020 mm reduziert den Materialabfall; die feste Dicke von 16 \u03bcm optimiert die Produktionskosten f\u00fcr Massenauftr\u00e4ge.<\/p>\n<p><b><\/b><strong><b>Qualit\u00e4tssicherung<\/b><\/strong>\u00dcber 20 Jahre Erfahrung in der Herstellung; strenge Tests f\u00fcr Musterkonsistenz, Tintenhaftung und Umweltvertr\u00e4glichkeit.<\/p>\n<figure id=\"attachment_609\" aria-describedby=\"caption-attachment-609\" style=\"width: 800px\" class=\"wp-caption alignnone\"><img loading=\"lazy\" decoding=\"async\" class=\"size-full wp-image-609\" src=\"https:\/\/www.ywjunchi.com\/wp-content\/uploads\/2026\/03\/012-3.jpg\" alt=\"DW18 nahtlose holografische Folie f\u00fcr Haustiere\" width=\"800\" height=\"800\" srcset=\"https:\/\/www.ywjunchi.com\/wp-content\/uploads\/2026\/03\/012-3.jpg 800w, https:\/\/www.ywjunchi.com\/wp-content\/uploads\/2026\/03\/012-3-300x300.jpg 300w, https:\/\/www.ywjunchi.com\/wp-content\/uploads\/2026\/03\/012-3-100x100.jpg 100w, https:\/\/www.ywjunchi.com\/wp-content\/uploads\/2026\/03\/012-3-600x600.jpg 600w, https:\/\/www.ywjunchi.com\/wp-content\/uploads\/2026\/03\/012-3-150x150.jpg 150w, https:\/\/www.ywjunchi.com\/wp-content\/uploads\/2026\/03\/012-3-768x768.jpg 768w\" sizes=\"(max-width: 800px) 100vw, 800px\" \/><figcaption id=\"caption-attachment-609\" class=\"wp-caption-text\">DW18 nahtlose holografische Folie f\u00fcr Haustiere<\/figcaption><\/figure>\n<h3>FAQ?<\/h3>\n<p>Warum 16\u03bcm Dicke? Es ist das optimale Gleichgewicht zwischen UV-Druck (keine Dehnung) und Laminierung (starke Verklebung), das in der Verpackungsindustrie weit verbreitet ist. .<\/p>\n<p>Kann es f\u00fcr Lebensmittelverpackungen verwendet werden? ja. ROHS-Zertifizierung und lebensmittelechtes PET-Material unterst\u00fctzen die Verpackung mit indirektem Lebensmittelkontakt.<\/p>\n<p>Wie unterscheidet sich DW18 von DW03\/DW04?<\/p>\n<p>&nbsp;<\/p>\n<table>\n<tbody>\n<tr>\n<td width=\"184\">Modell<\/td>\n<td width=\"184\">Sand Korngr\u00f6\u00dfe<\/td>\n<td width=\"184\">Dicke<\/td>\n<td width=\"184\">Breite<\/td>\n<td width=\"184\">Schl\u00fcssel Verwendung<\/td>\n<\/tr>\n<tr>\n<td width=\"184\">DW18<\/td>\n<td width=\"184\">Mittel (DW03&lt;DW18 &lt;DW04)<\/td>\n<td width=\"184\">Fest 16\u03bcm<\/td>\n<td width=\"184\">1020mm<\/td>\n<td width=\"184\">UV-Druck und Papierkaschierung (ROHS-zertifiziert)<\/td>\n<\/tr>\n<tr>\n<td width=\"184\">DW03<\/td>\n<td width=\"184\">Fein<\/td>\n<td width=\"184\">16-50\u03bcm (Benutzerdefiniert)<\/td>\n<td width=\"184\">1090mm<\/td>\n<td width=\"184\">Premium-Verpackung (Versteckte Verschl\u00fcsselung)<\/td>\n<\/tr>\n<tr>\n<td width=\"184\">DW04<\/td>\n<td width=\"184\">Grob<\/td>\n<td width=\"184\">16-50\u03bcm (PET)\/50\u03bcm (PVC)<\/td>\n<td width=\"184\">1020mm<\/td>\n<td width=\"184\">Vielseitigkeit mit zwei Materialien (PET\/PVC)<\/td>\n<\/tr>\n<\/tbody>\n<\/table>\n<p>Veredeln Sie Ihre gedruckten und laminierten Produkte mit der einzigartigen milchigen Sandtextur von DW18 - YWJUNCHI liefert ROHS-zertifizierte Hologrammfolien f\u00fcr Haustiere mit Halogenzertifikat und anwendungsoptimierte L\u00f6sungen, die auf Ihre Markenanforderungen zugeschnitten sind. Kostenlose Muster f\u00fcr Druck-\/Laminierungstests verf\u00fcgbar!<\/p>\n<p><em><i>YWJUNCHI DW18 - Wo Milchstra\u00dfenglanz auf Druck- und Kaschierperfektion trifft!<\/i><\/em>e<\/p>\n<p>&nbsp;<\/p>","protected":false},"excerpt":{"rendered":"<p><strong><b>DW18 Milky Way Sand Nahtlose holografische PET-Folie, maximale Breite 1020 mm.<\/b><\/strong><\/p>","protected":false},"featured_media":606,"comment_status":"open","ping_status":"closed","template":"","meta":[],"product_brand":[],"product_cat":[17],"product_tag":[53],"class_list":{"0":"post-261","1":"product","2":"type-product","3":"status-publish","4":"has-post-thumbnail","6":"product_cat-holographic-film","7":"product_tag-dw18-seamless-pet-hologram-film","9":"first","10":"instock","11":"shipping-taxable","12":"product-type-simple"},"_links":{"self":[{"href":"https:\/\/www.ywjunchi.com\/de\/wp-json\/wp\/v2\/product\/261","targetHints":{"allow":["GET"]}}],"collection":[{"href":"https:\/\/www.ywjunchi.com\/de\/wp-json\/wp\/v2\/product"}],"about":[{"href":"https:\/\/www.ywjunchi.com\/de\/wp-json\/wp\/v2\/types\/product"}],"replies":[{"embeddable":true,"href":"https:\/\/www.ywjunchi.com\/de\/wp-json\/wp\/v2\/comments?post=261"}],"wp:featuredmedia":[{"embeddable":true,"href":"https:\/\/www.ywjunchi.com\/de\/wp-json\/wp\/v2\/media\/606"}],"wp:attachment":[{"href":"https:\/\/www.ywjunchi.com\/de\/wp-json\/wp\/v2\/media?parent=261"}],"wp:term":[{"taxonomy":"product_brand","embeddable":true,"href":"https:\/\/www.ywjunchi.com\/de\/wp-json\/wp\/v2\/product_brand?post=261"},{"taxonomy":"product_cat","embeddable":true,"href":"https:\/\/www.ywjunchi.com\/de\/wp-json\/wp\/v2\/product_cat?post=261"},{"taxonomy":"product_tag","embeddable":true,"href":"https:\/\/www.ywjunchi.com\/de\/wp-json\/wp\/v2\/product_tag?post=261"}],"curies":[{"name":"wp","href":"https:\/\/api.w.org\/{rel}","templated":true}]}}