{"id":251,"date":"2026-03-17T07:52:40","date_gmt":"2026-03-17T07:52:40","guid":{"rendered":"https:\/\/www.ywjunchi.com\/?post_type=product&#038;p=251"},"modified":"2026-05-01T07:46:18","modified_gmt":"2026-05-01T07:46:18","slug":"hp21-haustier-hologrammfolie","status":"publish","type":"product","link":"https:\/\/www.ywjunchi.com\/de\/product\/hp21-pet-hologram-film\/","title":{"rendered":"HP21 Hologrammfolie f\u00fcr Haustiere"},"content":{"rendered":"<h2>YWJUNCHI HP21 Zerbrochenes Glas Nahtlose PET Holografische Folie<\/h2>\n<p><strong>Herstellung<\/strong>:YIWU JUNCHI VERPACKUNGSMATERIAL FIRMA<\/p>\n<p><strong>Kernspezifikation<\/strong>HP21 Serie (K LASER Shattered Glass Hologram Master, nahtloses PET Material, S003)<\/p>\n<h2>Wichtige Parameter:<\/h2>\n<p>Hologrammdesign: K LASER Shattered Glass Pattern (dynamischer, zersplitterter Glaseffekt, hoher F\u00e4lschungsschutz)<\/p>\n<p>Materialtyp: Nahtlose holografische PET-Folie (umweltfreundlich, hohe Leistung, stabile Struktur)<\/p>\n<p>Feste Dicke: 16\u03bcm (optimal f\u00fcr die Herstellung von holografischem Papier, UV-Offsetdruck und die Verarbeitung von Hologramm-Papierboxen)<\/p>\n<p>Rollenl\u00e4nge: 3000m\/Rolle oder 6000m\/Rolle (zwei Optionen f\u00fcr unterschiedliche Bestellmengen und Produktionsanforderungen)<\/p>\n<p>Hauptanwendungsgebiete:Herstellung von holografischem Papier, UV-Offsetdruck, Herstellung von Hologramm-Papierboxen<\/p>\n<p><strong>Wichtigste Effekte<\/strong>:Laminier- und Transferoptionen (ideal f\u00fcr Papierverbund und Oberfl\u00e4chendekoration)<\/p>\n<p><strong>Erfahrung in der Produktion<\/strong>:20+ Jahre Spezialisierung auf die Herstellung holografischer Folien Was macht HP21 zu einer herausragenden holografischen L\u00f6sung f\u00fcr zerbrochenes Glas?<\/p>\n<p>Exklusives K LASER Shattered Glass Design &amp; Pr\u00e4zisionshandwerk<\/p>\n<p>Die HP21-Serie wird mit Hilfe der fortschrittlichen K LASER-Masterplatte f\u00fcr zerbrochenes Glas in Kombination mit einer hochpr\u00e4zisen Pr\u00e4getechnologie hergestellt und verf\u00fcgt \u00fcber ein einzigartiges holografisches Muster aus zerbrochenem Glas, das die nat\u00fcrliche, fragmentierte Textur von zerbrochenem Glas mit unregelm\u00e4\u00dfigen, scharfkantigen Fragmenten und dynamischen Lichtbrechungseffekten imitiert.Das Muster wird mit ultrafeinen Mikro-Nano-Strukturen (\u22654000 dpi Aufl\u00f6sung) wiedergegeben, die sicherstellen, dass jedes Glasfragment-Detail scharf, dreidimensional und nahtlos \u00fcber die gesamte Folienbreite dargestellt wird. Unter nat\u00fcrlichem Licht zeigt das Splitterglasmuster eine lebendige Regenbogen-Lichtbrechung, die einen auff\u00e4lligen, ins Auge fallenden visuellen Effekt erzeugt, der die Produkte effektiv von denen der Mitbewerber unterscheidet, w\u00e4hrend die nahtlose Struktur Splei\u00dfl\u00fccken bei der gro\u00df angelegten Produktion eliminiert.<\/p>\n<p>Hauptvorteile:Leistung &amp; gezielte Nutzung Anpassungsf\u00e4higkeit<\/p>\n<p><strong>PET-Material Exzellenz (feste 16\u03bcm-Dicke)<\/strong>Hergestellt aus hochreinem, umweltfreundlichem PET-Harz (ROHS-zertifiziert), mit einer festen Dicke von 16\u03bcm, die f\u00fcr die wichtigsten Anwendungen optimiert ist, und die ein perfektes Gleichgewicht zwischen Flexibilit\u00e4t und struktureller Stabilit\u00e4t herstellt, um eine Dehnung w\u00e4hrend des Drucks\/Laminierens zu vermeiden und eine feste Formgebung w\u00e4hrend der Verarbeitung der Papierschachtel zu gew\u00e4hrleisten.Die Folie verf\u00fcgt \u00fcber eine Zugfestigkeit von \u2265220MPa, eine Lichtdurchl\u00e4ssigkeit von \u226492% und eine geringe Tr\u00fcbung (\u22641,2%), die sicherstellt, dass der holografische Effekt des zerbrochenen Glases lebendig und klar ist, ohne dass es zu Verzerrungen kommt, selbst nach Verbund- oder Druckprozessen.<\/p>\n<p><strong>Gezielte Optimierung der Nutzung<\/strong>:<\/p>\n<p><strong>Produktion von holografischem Papier<\/strong>Beschichtet mit umweltfreundlichem Schmelzklebstoff, der eine starke Klebekraft (\u22650,8N\/15mm) mit verschiedenen Papieren (Kunstdruckpapier, Karton, Kraftpapier) gew\u00e4hrleistet, um hochwertiges holografisches Papier herzustellen, das Blasenbildung, Delaminierung und Faltenbildung w\u00e4hrend der Laminierung widersteht und die scharfe, fragmentierte Textur des zerbrochenen Glasmusters nach dem Zusammensetzen beibeh\u00e4lt und eine erstklassige Grundlage f\u00fcr die Herstellung von Hologramm-Papierschachteln bildet.<\/p>\n<p><strong>UV-Offsetdruck-Kompatibilit\u00e4t<\/strong>Die glatte PET-Oberfl\u00e4che verhindert das Ausbluten oder Verschmieren der Tinte und gew\u00e4hrleistet hochaufl\u00f6sende gedruckte Designs (Logos, Texte, Muster), die den holografischen Effekt des zerbrochenen Glases erg\u00e4nzen - das einzigartige Muster wird weder \u00fcberdeckt noch \u00fcberschattet und eignet sich f\u00fcr den Oberfl\u00e4chendruck von Hologramm-Papierboxen.<\/p>\n<p><strong>Hologramm Paper Box Anpassungsf\u00e4higkeit<\/strong>Die feste Dicke von 16\u03bcm ist ideal f\u00fcr das Falten und Formen von Papierschachteln - sie ist flexibel genug, um Risse an den Faltkanten zu vermeiden, und dennoch stabil genug, um die strukturelle Integrit\u00e4t der Papierschachtel zu erhalten.Das holografische Muster aus zerbrochenem Glas verleiht den Papierschachteln ein Gef\u00fchl von hochwertiger Textur und visueller Schichtung, was die Markenqualit\u00e4t erh\u00f6ht.Antistatische Eigenschaften (Oberfl\u00e4chenwiderstand\u226410\u00b9\u2070\u03a9) verhindern die Ansammlung von Staub w\u00e4hrend der Verarbeitung, reduzieren den Produktionsabfall und gew\u00e4hrleisten eine gleichbleibende Produktqualit\u00e4t.<\/p>\n<p><strong>\u00dcberlegener F\u00e4lschungsschutz und \u00e4sthetischer Wert<\/strong>Das einzigartige K LASER-Glasbruchmuster bildet eine nat\u00fcrliche Barriere gegen F\u00e4lschungen - seine unregelm\u00e4\u00dfige, zersplitterte Struktur ist ohne spezielle Master-Plate-Ausr\u00fcstung extrem schwer nachzubilden. unterst\u00fctzt zus\u00e4tzliche Sicherheitselemente (mikrogedruckter Text, latente Laserbilder), um den Markenschutz weiter zu verbessern, und erf\u00fcllt die GB\/T 17000-2009-Normen f\u00fcr holografischen F\u00e4lschungsschutz. im Gegensatz zu herk\u00f6mmlichen einfachen holografischen Folien bietet das Glasbruchdesign einen k\u00fchnen, modernen visuellen Reiz, perfekt f\u00fcr Marken, die Einzigartigkeit und eine hochwertige Positionierung anstreben.<\/p>\n<p><strong>Optionen f\u00fcr zwei Rollenl\u00e4ngen<\/strong>3000 m\/Rolle (geeignet f\u00fcr Kleinserien, Probeauftr\u00e4ge oder Kleinserienprojekte) und 6000 m\/Rolle (ideal f\u00fcr Gro\u00dfserien, kontinuierliche Produktion, Reduzierung der Rollenwechselh\u00e4ufigkeit und Verbesserung der Produktionseffizienz, Senkung der Produktionsst\u00fcckkosten).<\/p>\n<p>Optimierter Schichtaufbau (nahtloser PET-Kern)<\/p>\n<p>Opake Deckschicht\u2192Hochreflektierende Metallschicht\u219216\u03bcm PET-Kernschicht\u2192Holographisch gepr\u00e4gte Schicht aus zerbrochenem Glas\u2192UV-best\u00e4ndige und kratzfeste Beschichtung<\/p>\n<p>Die doppelte Schutzbeschichtung erh\u00f6ht die Haltbarkeit (H-Stift-H\u00e4rte) und die UV-Best\u00e4ndigkeit und verhindert, dass die Glasscherben bei der Verarbeitung, beim Transport und bei der langfristigen Lagerung verblassen oder zerkratzt werden. Die hochreflektierende Metallschicht verst\u00e4rkt den Lichtbrechungseffekt der Glasscherben und macht das holografische Muster auff\u00e4lliger und lebendiger, w\u00e4hrend die 16\u03bcm dicke PET-Kernschicht eine stabile Leistung in verschiedenen Verarbeitungsumgebungen (100-120\u2103 Laminier-\/Drucktemperatur) gew\u00e4hrleistet.<\/p>\n<p>Gezielte Anwendungen<\/p>\n<p>Dank des einzigartigen holografischen Splitterglaseffekts, der festen Dicke von 16 \u03bcm, der doppelten Rollenl\u00e4nge und der gezielten Prozesskompatibilit\u00e4t ist das HP21 speziell f\u00fcr die Anwendung in der Industrie konzipiert:<\/p>\n<p><strong>Holografisches Papier<\/strong>Kernmaterial f\u00fcr die Herstellung von hochwertigem holografischem Papier, das in den Bereichen hochwertige Verpackungen, Druck und Dekoration weit verbreitet ist.<\/p>\n<p><strong>UV-Offsetdruck-Projekte<\/strong>Geeignet f\u00fcr UV-Offsetdruckverfahren, ideal zum Bedrucken von Hologramm-Papierschachteln, hochwertigen Produktetiketten und Werbematerialien mit Markenzeichen.<\/p>\n<p><strong>Hologramm-Papierschachteln<\/strong>Schl\u00fcsselrohstoff f\u00fcr die Herstellung hochwertiger Hologramm-Papierschachteln.<\/p>\n<p>Warum YWJUNCHI HP21 w\u00e4hlen?<\/p>\n<p><strong>Einzigartige visuelle Differenzierung<\/strong>:K LASER holografische Glasscherbenmuster - fett, dynamisch und schwer zu reproduzieren, damit sich Marken im harten Wettbewerb abheben.<\/p>\n<p><strong>Gezieltes Dickendesign<\/strong>Feste Dicke von 16\u03bcm, perfekt abgestimmt auf die Herstellung von holografischem Papier, UV-Offsetdruck und die Verarbeitung von Hologramm-Papierschachteln, wodurch unn\u00f6tiger Materialabfall vermieden wird.<\/p>\n<p><strong>Flexibilit\u00e4t in zwei Rollenl\u00e4ngen<\/strong>:3000m\/6000m duale Optionen, die sich an unterschiedliche Auftragsgr\u00f6\u00dfen und Produktionsanforderungen anpassen, die Produktionseffizienz verbessern und die Kosten senken.<\/p>\n<p><strong>PET-Spezialisierung<\/strong>Der Schwerpunkt liegt auf nahtlosem PET-Material, das umweltfreundlich (ROHS-zertifiziert), stabil in der Leistung und konform mit den globalen Umwelt- und Lebensmittelkontaktstandards (f\u00fcr indirekte Lebensmittelverpackungen) ist.<\/p>\n<p><strong>Qualit\u00e4tssicherung<\/strong>Mehr als 20 Jahre Erfahrung in der Herstellung holografischer Folien, strenge Tests f\u00fcr Musterkonsistenz, Materialleistung und Anpassungsf\u00e4higkeit bei der Verarbeitung; erf\u00fcllt die EU-ReACH-Normen und die chinesischen Normen f\u00fcr Verpackungsmaterial.<\/p>\n<p><strong>Unterst\u00fctzung bei der Anpassung<\/strong>Anpassbarer Farbton (Silber, Gold, kundenspezifisch) und optionale Sicherheitselemente (Mikrodruck, latente Bilder), um markenspezifische Verpackungen und F\u00e4lschungsschutzanforderungen zu erf\u00fcllen.<\/p>\n<p>FAQ?<\/p>\n<p><strong>Was ist der Vorteil des holografischen Designs aus zerbrochenem Glas?<\/strong>Es bietet einen k\u00fchnen, dynamischen visuellen Eindruck mit starker F\u00e4lschungssicherheit - seine unregelm\u00e4\u00dfige, fragmentierte Struktur l\u00e4sst sich nur schwer nachahmen, w\u00e4hrend der lebendige Lichtbrechungseffekt die Produktqualit\u00e4t erh\u00f6ht - perfekt f\u00fcr hochwertige Hologramm-Papierschachteln und holografisches Papier.<\/p>\n<p><strong>Warum eine Dicke von 16\u03bcm?<\/strong>16\u03bcm ist das optimale Gleichgewicht zwischen Flexibilit\u00e4t und struktureller Stabilit\u00e4t f\u00fcr die wichtigsten Anwendungen von HP21 - es vermeidet Dehnungen beim Drucken\/Laminieren und Risse beim Falten von Papierschachteln und gew\u00e4hrleistet eine reibungslose Verarbeitung.<\/p>\n<p><strong>Wie kann man zwischen 3000m\/Rolle und 6000m\/Rolle w\u00e4hlen?<\/strong>3000 m\/Rolle eignen sich f\u00fcr Kleinserien, Probeauftr\u00e4ge oder Kurzzeitprojekte; 6000 m\/Rolle werden f\u00fcr die kontinuierliche Gro\u00dfserienproduktion empfohlen, um die Effizienz zu steigern und die Kosten f\u00fcr den Rollenwechsel zu senken.<\/p>\n<p><strong>Wie unterscheidet sich der HP21 vom Z10 (geb\u00fcrsteter horizontaler Lichtstrahl)?<\/strong><\/p>\n<table>\n<tbody>\n<tr>\n<td width=\"110\">Modell<\/td>\n<td width=\"110\">Kerndesign<\/td>\n<td width=\"110\">Dicke<\/td>\n<td width=\"110\">L\u00e4nge der Rolle<\/td>\n<td width=\"110\">Zentrale St\u00e4rke<\/td>\n<\/tr>\n<tr>\n<td width=\"110\">HP21<\/td>\n<td width=\"110\">K LASER Zerbrochenes Glas<\/td>\n<td width=\"110\">Fest 16\u03bcm<\/td>\n<td width=\"110\">3000m\/6000m<\/td>\n<td width=\"110\">F\u00e4lschungssicherheit + Anpassungsf\u00e4higkeit von holografischem Papier\/Boxen<\/td>\n<\/tr>\n<tr>\n<td width=\"110\">Z10<\/td>\n<td width=\"110\">K LASER Geb\u00fcrstet Horizontaler Lichtstrahl<\/td>\n<td width=\"110\">Fest 16\u03bcm<\/td>\n<td width=\"110\">Anpassbar<\/td>\n<td width=\"110\">Hochwertige geb\u00fcrstete Textur + Anpassungsf\u00e4higkeit an Kosmetikboxen<\/td>\n<\/tr>\n<\/tbody>\n<\/table>\n<p>Veredeln Sie Ihre holografischen Papier- und Kartonverpackungen mit dem einzigartigen holografischen Splittereffekt von HP21 - YWJUNCHI liefert zielgerichtete, leistungsstarke und kosteneffiziente nahtlose holografische PET-L\u00f6sungen, die auf Ihre Produktionsbed\u00fcrfnisse zugeschnitten sind - kostenlose Muster zum Testen verf\u00fcgbar!<\/p>\n<p>YWJUNCHI HP21 - Brillanz aus zerbrochenem Glas trifft auf exzellente holografische Verpackungen!<\/p>","protected":false},"excerpt":{"rendered":"<p>HP21 Shattered Glass Seamless PET Holographic Film, silber metallisiert oder transparent, Dicke 16 Mikron.<\/p>","protected":false},"featured_media":414,"comment_status":"open","ping_status":"closed","template":"","meta":[],"product_brand":[],"product_cat":[17],"product_tag":[34],"class_list":{"0":"post-251","1":"product","2":"type-product","3":"status-publish","4":"has-post-thumbnail","6":"product_cat-holographic-film","7":"product_tag-hp21-seamless-pet-hologram-film","9":"first","10":"instock","11":"shipping-taxable","12":"product-type-simple"},"_links":{"self":[{"href":"https:\/\/www.ywjunchi.com\/de\/wp-json\/wp\/v2\/product\/251","targetHints":{"allow":["GET"]}}],"collection":[{"href":"https:\/\/www.ywjunchi.com\/de\/wp-json\/wp\/v2\/product"}],"about":[{"href":"https:\/\/www.ywjunchi.com\/de\/wp-json\/wp\/v2\/types\/product"}],"replies":[{"embeddable":true,"href":"https:\/\/www.ywjunchi.com\/de\/wp-json\/wp\/v2\/comments?post=251"}],"wp:featuredmedia":[{"embeddable":true,"href":"https:\/\/www.ywjunchi.com\/de\/wp-json\/wp\/v2\/media\/414"}],"wp:attachment":[{"href":"https:\/\/www.ywjunchi.com\/de\/wp-json\/wp\/v2\/media?parent=251"}],"wp:term":[{"taxonomy":"product_brand","embeddable":true,"href":"https:\/\/www.ywjunchi.com\/de\/wp-json\/wp\/v2\/product_brand?post=251"},{"taxonomy":"product_cat","embeddable":true,"href":"https:\/\/www.ywjunchi.com\/de\/wp-json\/wp\/v2\/product_cat?post=251"},{"taxonomy":"product_tag","embeddable":true,"href":"https:\/\/www.ywjunchi.com\/de\/wp-json\/wp\/v2\/product_tag?post=251"}],"curies":[{"name":"wp","href":"https:\/\/api.w.org\/{rel}","templated":true}]}}