{"id":233,"date":"2026-03-17T07:48:29","date_gmt":"2026-03-17T07:48:29","guid":{"rendered":"https:\/\/www.ywjunchi.com\/?post_type=product&#038;p=233"},"modified":"2026-04-04T07:47:14","modified_gmt":"2026-04-04T07:47:14","slug":"dw02-h16-holografische-folie","status":"publish","type":"product","link":"https:\/\/www.ywjunchi.com\/de\/product\/dw02-h16-holographic-film\/","title":{"rendered":"DW02-H16 holografische Folie"},"content":{"rendered":"<p><strong>YWJUNCHI DW02 Zerbrochenes Glas Nahtlose PET Holografische Folie: K LASER HP38 Anti-F\u00e4lschungsl\u00f6sung<\/strong><\/p>\n<p><strong><b>Herstellung<\/b><\/strong>:YIWU JUNCHI VERPACKUNGSMATERIAL<\/p>\n<p><strong><b>Kernspezifikation<\/b><\/strong>:DW02 Serie (H16 Broken Glass Master Design, K LASER HP38 Technologie)<\/p>\n<p><strong><b>Wichtige Parameter<\/b><\/strong>:<\/p>\n<p>1,Master Maximale Breite: 1090mm (ultrabreit f\u00fcr gro\u00dfformatige Verpackungen\/Produktion)<\/p>\n<p>2, Hauptverwendungen: Anti-F\u00e4lschungs-Etikettenmaterial, Aufkleber-Etiketten, Papierlaminierung, Offsetdruck, Kosmetikboxen, Zahnpasta-Boxen<\/p>\n<p><strong><b>Wichtigste Effekte<\/b><\/strong>:Optionen f\u00fcr Laminierung und \u00dcbertragung<\/p>\n<p><strong><b>Erfahrung in der Produktion<\/b><\/strong>:20+Jahre Spezialisierung auf die Herstellung holografischer Folien<\/p>\n<h3>Was macht DW02 zur ersten Wahl bei der F\u00e4lschungssicherheit und Verpackung?<\/h3>\n<h4>Exklusives Broken Glass Design und fortschrittliche Technologie<\/h4>\n<p>Die mit der K LASER HP38 holografischen Pr\u00e4getechnologie und der H16 Glasbruch-Masterplatte hergestellte DW02-Serie zeichnet sich durch unregelm\u00e4\u00dfige, fragmentierte \u201cGlasbruch\u201d-Hologrammmuster aus - ein visuell auff\u00e4lliges Design, das ohne Spezialausr\u00fcstung kaum zu reproduzieren ist. Die 2D\/2D digitale Mikro(DMD)-Hologramm-Mastertechnologie erm\u00f6glicht eine Gitterperiode von\u22640,6\u03bcm (4000dpi ultrahohe Aufl\u00f6sung) und stellt sicher, dass jeder \u201cScherben\u201d scharf, dreidimensional und frei von N\u00e4hten ist (echte nahtlose Struktur).<\/p>\n<h4>Dual-Core Vorteile: Anti-F\u00e4lschungsschutz &amp; Vielseitigkeit<\/h4>\n<p><b><\/b><strong><b>Hervorragende Leistung bei der F\u00e4lschungsbek\u00e4mpfung<\/b><\/strong>:<\/p>\n<p>Neben der einzigartigen visuellen Barriere aus zerbrochenem Glas unterst\u00fctzt die Folie zus\u00e4tzliche Sicherheitselemente: mikrogedruckten Text (Linienbreite \u22645\u03bcm), latente Laserbilder und unsichtbare fluoreszierende Muster. Die K LASER HP38-Technologie erzeugt dynamische Regenbogen-Interferenzeffekte (Wellenl\u00e4ngenbereich 400-700nm), die die Erkennung von F\u00e4lschungen intuitiv machen - authentische Produkte zeigen unter Licht einen lebendigen, wechselnden \u201cScherben\u201d-Glanz.<\/p>\n<p><b><\/b><strong><b>Anpassungsf\u00e4higkeit an mehrere Anwendungen<\/b><\/strong>:<\/p>\n<p><b><\/b>1, Kompatibilit\u00e4t mit dem Offsetdruck: Eine Oberfl\u00e4chenenergie von \u226538 mN\/m gew\u00e4hrleistet eine nahtlose Farbhaftung mit Offsetdruckfarben; eine glatte, porenfreie Oberfl\u00e4che verhindert das Ausbluten der Farbe und liefert hochaufl\u00f6sende Druckmotive, die die Struktur des gebrochenen Glases erg\u00e4nzen.<\/p>\n<p><b><\/b>2, Papierkaschierung: Beschichtet mit importiertem EAA EVA, erreicht die Folie eine starke Klebekraft (\u226535N\/15mm) mit Kunstdruckpapier, Kartenmaterial und Verpackungskartons, die Blasenbildung oder Delaminierung w\u00e4hrend Hochtemperaturprozessen (100-150\u2103) widerstehen. .<\/p>\n<p><b><\/b>3, Etiketten-\/Aufkleberproduktion: Dickenoptionen (12-50\u03bcm) passen zum Stanzen von Etiketten und zum Aufkleben; antistatische Eigenschaften verhindern die Staubansammlung w\u00e4hrend der Verarbeitung und reduzieren den Abfall um 15%.<\/p>\n<h4>Hochwertiges Material und Lagenaufbau<\/h4>\n<p><b><\/b>1, Basismaterial: PET optischer Qualit\u00e4t mit Durchl\u00e4ssigkeit\u226592% und Tr\u00fcbung\u22641%, die hohe Klarheit und holographische Wirkung Sichtbarkeit gew\u00e4hrleistet.<\/p>\n<p><b><\/b>2, Schichtzusammensetzung (von unten nach oben): undurchsichtige Deckschicht, hochreflektierende Metallschicht, PET-Kernschicht, holographisch gepr\u00e4gte Schicht aus gebrochenem Glas, UV-best\u00e4ndige Beschichtung<\/p>\n<p>Die UV-best\u00e4ndige Beschichtung erh\u00f6ht die Haltbarkeit (Taber Abriebtest 1000 Turn mistiness increase value\u22643%) und die Witterungsbest\u00e4ndigkeit, wobei die Integrit\u00e4t des Musters in -20\u2103~80\u2103 Umgebungen erhalten bleibt. .<\/p>\n<h3>Gezielte Anwendungen<\/h3>\n<p><b><\/b>1, F\u00e4lschungssichere Etiketten: Sicherheitsaufkleber f\u00fcr Pharmazeutika, Elektronik, Luxusg\u00fcter und Markenprodukte.<\/p>\n<p><b><\/b>2, Verpackungsproduktion: Kosmetikschachteln, Zahnpastaschachteln, hochwertige Lebensmittelverpackungen, Weinschachteln und Geschenkschachteln (1000 mm Breite reduziert den Splei\u00df bei gro\u00dfformatigen Schachteln).<\/p>\n<p><b><\/b>3, Drucksachen: Laminierte Brosch\u00fcren, hochwertige Kataloge und Papiert\u00fcten mit Markenaufdruck (kombiniert die visuelle Attraktivit\u00e4t von Glasbruch mit der Klarheit des Drucks).<\/p>\n<h3>Warum YWJUNCHI DW02 w\u00e4hlen?<\/h3>\n<p><b><\/b>1,Einzigartiges f\u00e4lschungssicheres Design:H16 Glasbruchmuster + K LASER HP38 Technologie schafft eine hohe technische Barriere gegen F\u00e4lschungen. .<\/p>\n<p><b><\/b>2, Ultrabreite Vielseitigkeit: Die maximale Breite von 1000 mm eignet sich f\u00fcr gro\u00dfformatige Verpackungen und Etikettenproduktion und minimiert den Materialabfall.<\/p>\n<p><b><\/b>3, Kompatibilit\u00e4t mit mehreren Verfahren: Optimiert f\u00fcr Offsetdruck, Papierlaminierung und Etikettenstanzung - eine Folie f\u00fcr mehrere Produktionsanforderungen.<\/p>\n<p><b><\/b>4, Premium-Qualit\u00e4t: RoHS 2.0-zertifiziert (umweltfreundlich), mit Zugfestigkeit \u2265200MPa und 2H Bleistiftoberfl\u00e4chenh\u00e4rte f\u00fcr lang anhaltende Leistung.<\/p>\n<p><b><\/b>5, Anpassungsunterst\u00fctzung: Einstellbare Dicke (12-50\u03bcm), Farbton (Silber, Gold, transparent), und zus\u00e4tzliche f\u00e4lschungssichere Elemente (fluoreszierende Tinte, Mikrotext). .<\/p>\n<h3>FAQ Highlights (vollst\u00e4ndiger Leitfaden auf Anfrage erh\u00e4ltlich)<\/h3>\n<p>1,Ist es f\u00fcr die Hochgeschwindigkeits-Etikettenproduktion geeignet?Ja, die Anti-Haft-Eigenschaften sorgen f\u00fcr einen reibungslosen Transport durch die Etikettenmaschinen.<\/p>\n<p>2, Kann das Scherbenmuster angepasst werden? Ja, es k\u00f6nnen markenspezifische Scherbenformen oder Logos in das Muster integriert werden.<\/p>\n<p>3,Wie unterscheidet sich der DW02 von anderen Modellen der z-Serie?<\/p>\n<table>\n<tbody>\n<tr>\n<td width=\"184\">Modell<\/td>\n<td width=\"184\">Kerndesign<\/td>\n<td width=\"184\">Breite<\/td>\n<td width=\"184\">Zentrale St\u00e4rke<\/td>\n<\/tr>\n<tr>\n<td width=\"184\">DW02<\/td>\n<td width=\"184\">Zerbrochenes Glas (Anti-F\u00e4lschungen)<\/td>\n<td width=\"184\">1000mm<\/td>\n<td width=\"184\">Sicherheit + Gro\u00dfformatverpackungen<\/td>\n<\/tr>\n<tr>\n<td width=\"184\">Z28<\/td>\n<td width=\"184\">Horizontaler Lichtstrahl<\/td>\n<td width=\"184\">820mm<\/td>\n<td width=\"184\">UV-Druck und Papierkaschierung<\/td>\n<\/tr>\n<tr>\n<td width=\"184\">Z25<\/td>\n<td width=\"184\">Vertikaler Lichtstrahl<\/td>\n<td width=\"184\">890mm<\/td>\n<td width=\"184\">Regal Standout Visuals<\/td>\n<\/tr>\n<tr>\n<td width=\"184\">Z37<\/td>\n<td width=\"184\">Silber-Regenbogen<\/td>\n<td width=\"184\">830mm<\/td>\n<td width=\"184\">Luxus-\u00c4sthetik<\/td>\n<\/tr>\n<\/tbody>\n<\/table>\n<p>Sch\u00fctzen Sie Ihre Marke und werten Sie Ihre Verpackungen mit dem einzigartigen holografischen Glaseffekt von DW02 auf - YWJUNCHI bietet hochsichere, vielseitige L\u00f6sungen, die auf Ihre Anforderungen an F\u00e4lschungssicherheit und Produktion zugeschnitten sind.<\/p>\n<p><em><i>YWJUNCHI DW02 - Wo F\u00e4lschungssicherheit auf optische Brillanz trifft!<\/i><\/em><\/p>","protected":false},"excerpt":{"rendered":"<p>DW02 gebrochenes Glas holographische Folie, oder genannt HP38, es kann nahtlose Haustier holographische Folie, PVC holographische Folie oder Bopp holographische Folie sein. maximale Breite 1090mm.<\/p>","protected":false},"featured_media":419,"comment_status":"open","ping_status":"closed","template":"","meta":[],"product_brand":[],"product_cat":[17],"product_tag":[35],"class_list":{"0":"post-233","1":"product","2":"type-product","3":"status-publish","4":"has-post-thumbnail","6":"product_cat-holographic-film","7":"product_tag-dw02-h16-broken-glass-holographic-film","9":"first","10":"instock","11":"shipping-taxable","12":"product-type-simple"},"_links":{"self":[{"href":"https:\/\/www.ywjunchi.com\/de\/wp-json\/wp\/v2\/product\/233","targetHints":{"allow":["GET"]}}],"collection":[{"href":"https:\/\/www.ywjunchi.com\/de\/wp-json\/wp\/v2\/product"}],"about":[{"href":"https:\/\/www.ywjunchi.com\/de\/wp-json\/wp\/v2\/types\/product"}],"replies":[{"embeddable":true,"href":"https:\/\/www.ywjunchi.com\/de\/wp-json\/wp\/v2\/comments?post=233"}],"wp:featuredmedia":[{"embeddable":true,"href":"https:\/\/www.ywjunchi.com\/de\/wp-json\/wp\/v2\/media\/419"}],"wp:attachment":[{"href":"https:\/\/www.ywjunchi.com\/de\/wp-json\/wp\/v2\/media?parent=233"}],"wp:term":[{"taxonomy":"product_brand","embeddable":true,"href":"https:\/\/www.ywjunchi.com\/de\/wp-json\/wp\/v2\/product_brand?post=233"},{"taxonomy":"product_cat","embeddable":true,"href":"https:\/\/www.ywjunchi.com\/de\/wp-json\/wp\/v2\/product_cat?post=233"},{"taxonomy":"product_tag","embeddable":true,"href":"https:\/\/www.ywjunchi.com\/de\/wp-json\/wp\/v2\/product_tag?post=233"}],"curies":[{"name":"wp","href":"https:\/\/api.w.org\/{rel}","templated":true}]}}