{"id":214,"date":"2026-03-17T07:35:41","date_gmt":"2026-03-17T07:35:41","guid":{"rendered":"https:\/\/www.ywjunchi.com\/?post_type=product&#038;p=214"},"modified":"2026-05-06T02:21:41","modified_gmt":"2026-05-06T02:21:41","slug":"e068b-haustier-hologrammfolie","status":"publish","type":"product","link":"https:\/\/www.ywjunchi.com\/de\/product\/e068b-pet-hologram-film\/","title":{"rendered":"E068B Hologrammfolie f\u00fcr Haustiere"},"content":{"rendered":"<h2><strong>YWJUNCHI E068B Geb\u00fcrstetes horizontales S\u00e4ulenlicht Nahtlose holografische PET-Folie<\/strong><\/h2>\n<p><strong>Herstellung<\/strong>:YIWU JUNCHI VERPACKUNGSMATERIAL FIRMA<\/p>\n<p><strong>Kernspezifikation<\/strong>Z10 Serie (K LASER E068B pet Hologrammfolie, geb\u00fcrstetes horizontales Lichtstrahlbild)<\/p>\n<figure id=\"attachment_605\" aria-describedby=\"caption-attachment-605\" style=\"width: 800px\" class=\"wp-caption alignnone\"><img fetchpriority=\"high\" decoding=\"async\" class=\"size-full wp-image-605\" src=\"https:\/\/www.ywjunchi.com\/wp-content\/uploads\/2026\/03\/011-5.jpg\" alt=\"E068B S\u00e4ule Licht umfassen Linie Haustier holographischen Film\" width=\"800\" height=\"800\" srcset=\"https:\/\/www.ywjunchi.com\/wp-content\/uploads\/2026\/03\/011-5.jpg 800w, https:\/\/www.ywjunchi.com\/wp-content\/uploads\/2026\/03\/011-5-300x300.jpg 300w, https:\/\/www.ywjunchi.com\/wp-content\/uploads\/2026\/03\/011-5-100x100.jpg 100w, https:\/\/www.ywjunchi.com\/wp-content\/uploads\/2026\/03\/011-5-600x600.jpg 600w, https:\/\/www.ywjunchi.com\/wp-content\/uploads\/2026\/03\/011-5-150x150.jpg 150w, https:\/\/www.ywjunchi.com\/wp-content\/uploads\/2026\/03\/011-5-768x768.jpg 768w\" sizes=\"(max-width: 800px) 100vw, 800px\" \/><figcaption id=\"caption-attachment-605\" class=\"wp-caption-text\">E068B S\u00e4ule Licht umfassen Linie Haustier holographischen Film<\/figcaption><\/figure>\n<h2><strong>Wichtige Parameter<\/strong>:<\/h2>\n<p>Maximale Master-Breite: 820 mm (optimiert f\u00fcr Standard-Verpackungen, Druck und Etikettenproduktion, gew\u00e4hrleistet Kompatibilit\u00e4t mit g\u00e4ngigen Ger\u00e4ten)<\/p>\n<p>Materialtyp: Nahtlose holografische PET-Folie (mit Schwerpunkt auf hoher Leistung und Umweltfreundlichkeit)<\/p>\n<p>Feste Dicke: 16\u03bcm (optimales Gleichgewicht zwischen Flexibilit\u00e4t und struktureller Stabilit\u00e4t f\u00fcr Kernanwendungen)<\/p>\n<p>Kernverwendung:Laminierung mit Papier (zur Herstellung von holografischem Karton), UV-Offsetdruck, Herstellung von Kosmetikboxen<\/p>\n<p><strong>Wichtigste Effekte<\/strong>: Optionen f\u00fcr Laminierung und \u00dcbertragung<\/p>\n<p><strong>Erfahrung in der Produktion<\/strong>:20+ Jahre Spezialisierung auf die Herstellung holografischer Folien<\/p>\n<p>Was macht die E068B zu einer herausragenden L\u00f6sung f\u00fcr geb\u00fcrstete horizontale Lichtstrahlen?<\/p>\n<p>Exklusives geb\u00fcrstetes horizontales Lichtstrahldesign und fortschrittliche Technologie<\/p>\n<p>Die mit der K LASER E068B-Pr\u00e4zisionshologramm-Masterplatte in Kombination mit einer fortschrittlichen Pr\u00e4getechnologie hergestellte E068B-Serie zeichnet sich durch ein einzigartiges geb\u00fcrstetes horizontales Lichtstrahlbild aus, das die glatte Textur von geb\u00fcrstetem Metall mit der dynamischen Brillanz horizontaler Lichtstrahlen verbindet.Die geb\u00fcrstete Textur sorgt f\u00fcr eine hochwertige, matt-gl\u00e4nzende hybride Haptik, w\u00e4hrend die Ausrichtung der horizontalen Lichtstrahlen einen weitl\u00e4ufigen, eleganten visuellen Effekt erzeugt, der die Wahrnehmung der Produktbreite in den Regalen verbessert. Mit ultrafeinen Mikro-Nano-Strukturen (\u22654000dpi Aufl\u00f6sung) ist das Muster gestochen scharf, konsistent und nahtlos \u00fcber die gesamte Breite von 820 mm, ohne Verbindungsl\u00fccken oder Musterunterbrechungen.<\/p>\n<p>Die wichtigsten Vorteile: Leistung und Anpassungsf\u00e4higkeit f\u00fcr mehrere Verwendungszwecke<\/p>\n<p><strong>PET-Material Exzellenz (feste 16\u03bcm-Dicke)<\/strong>Hergestellt aus hochreinem, umweltfreundlichem PET-Harz (ROHS-zertifiziert), Halogen-Test bestanden, mit fester Dicke von 16\u03bcm - optimal f\u00fcr die Laminierung mit Papier (holografischer Karton) und UV-Offsetdruck.Es verf\u00fcgt \u00fcber eine ausgezeichnete Dimensionsstabilit\u00e4t, hohe W\u00e4rmebest\u00e4ndigkeit (widersteht 100-120\u2103 Laminierungs-\/Druckverfahren) und ist ideal f\u00fcr die Herstellung von Kosmetikboxen und hochwertigen Verpackungen. bietet eine Zugfestigkeit von \u2265220MPa, eine Lichtdurchl\u00e4ssigkeit von \u226592% und eine geringe Tr\u00fcbung (\u22641,2%), wodurch der geb\u00fcrstete horizontale Lichteffekt lebendig und klar ohne Verzerrung ist.<\/p>\n<figure id=\"attachment_602\" aria-describedby=\"caption-attachment-602\" style=\"width: 800px\" class=\"wp-caption alignnone\"><img decoding=\"async\" class=\"size-full wp-image-602\" src=\"https:\/\/www.ywjunchi.com\/wp-content\/uploads\/2026\/03\/011-3.jpg\" alt=\"E068B S\u00e4ule Licht umfassen Linie Haustier Hologramm Film\" width=\"800\" height=\"800\" srcset=\"https:\/\/www.ywjunchi.com\/wp-content\/uploads\/2026\/03\/011-3.jpg 800w, https:\/\/www.ywjunchi.com\/wp-content\/uploads\/2026\/03\/011-3-300x300.jpg 300w, https:\/\/www.ywjunchi.com\/wp-content\/uploads\/2026\/03\/011-3-100x100.jpg 100w, https:\/\/www.ywjunchi.com\/wp-content\/uploads\/2026\/03\/011-3-600x600.jpg 600w, https:\/\/www.ywjunchi.com\/wp-content\/uploads\/2026\/03\/011-3-150x150.jpg 150w, https:\/\/www.ywjunchi.com\/wp-content\/uploads\/2026\/03\/011-3-768x768.jpg 768w\" sizes=\"(max-width: 800px) 100vw, 800px\" \/><figcaption id=\"caption-attachment-602\" class=\"wp-caption-text\">E068B S\u00e4ule Licht umfassen Linie Haustier Hologramm Film<\/figcaption><\/figure>\n<p><strong>Mehrseiten-Optimierung<\/strong>:<\/p>\n<p><strong>Lamination Excellence (Holografiekarton)<\/strong>Beschichtet mit umweltfreundlichem Schmelzklebstoff, der eine starke Klebekraft (\u22650,8N\/15mm) mit dem Papier f\u00fcr die Herstellung von hochwertigem holografischem Karton gew\u00e4hrleistet, widersteht Blasenbildung, Delaminierung und Faltenbildung w\u00e4hrend des Laminierungsprozesses, beh\u00e4lt die geb\u00fcrstete Textur und den Glanz des Lichtstrahls nach der Laminierung und eignet sich perfekt f\u00fcr die anschlie\u00dfende Herstellung von Kosmetikboxen.<\/p>\n<p><strong>UV-Offsetdruck-Kompatibilit\u00e4t<\/strong>Die Oberfl\u00e4che ist mit einer speziellen Primer-Beschichtung (Oberfl\u00e4chenenergie \u226538 mN\/m) behandelt, die die Farbhaftung verbessert und speziell f\u00fcr den UV-Offsetdruck optimiert ist. Die glatte, geb\u00fcrstete Oberfl\u00e4che verhindert das Ausbluten der Farbe und sorgt f\u00fcr hochaufl\u00f6sende Druckmotive, die den holografischen Effekt erg\u00e4nzen, ohne ihn zu \u00fcbertreiben, und eignet sich f\u00fcr den Oberfl\u00e4chendruck auf Kosmetikboxen.<\/p>\n<p><strong>Kosmetikbox Anpassungsf\u00e4higkeit<\/strong>Die feste Dicke von 16\u03bcm sorgt f\u00fcr ein ausgewogenes Verh\u00e4ltnis zwischen Flexibilit\u00e4t (f\u00fcr das Falten der Schachtel) und struktureller Stabilit\u00e4t (f\u00fcr die Formgebung der Schachtel), gepaart mit dem eleganten geb\u00fcrsteten horizontalen Lichteffekt, der das hochwertige Erscheinungsbild von Kosmetikschachteln unterstreicht.Antistatische Eigenschaften (Oberfl\u00e4chenwiderstand \u226410\u00b9\u2070\u03a9) verhindern die Ansammlung von Staub w\u00e4hrend der Verarbeitung und reduzieren den Produktionsabfall.<\/p>\n<p><strong>F\u00e4lschungssicherheit und \u00e4sthetischer Vorteil<\/strong>Die einzigartige Kombination von K LASER E068B Master Design, geb\u00fcrsteter Textur und horizontalem Lichtstrahl schafft eine nat\u00fcrliche Barriere gegen F\u00e4lschungen, die ohne spezielle Gussausr\u00fcstung nur schwer zu reproduzieren ist. unterst\u00fctzt zus\u00e4tzliche Sicherheitselemente (mikrogedruckter Text, latente Bilder) zur Verbesserung des Markenschutzes und erf\u00fcllt die GB\/T 17000-2009 holografischen Anti-F\u00e4lschungs-Standards. die geb\u00fcrstete Oberfl\u00e4che bietet eine raffinierte, nicht blendende Alternative zu herk\u00f6mmlichen gl\u00e4nzenden holografischen Folien, perfekt f\u00fcr Premium-Branding.<\/p>\n<p><strong>Optimierter Schichtaufbau (nahtloser PET-Kern)<\/strong><\/p>\n<p>Undurchsichtige Deckschicht\u2192Hochreflektierende Metallschicht\u2192PET-Kernschicht\u2192Geb\u00fcrstete horizontale Lichtstrahl-Hologramm-Pr\u00e4geschicht\u2192UV-best\u00e4ndige &amp; kratzfeste Beschichtung<\/p>\n<p>Die doppelte Schutzbeschichtung erh\u00f6ht die Haltbarkeit (H-Stift-H\u00e4rte) und die UV-Best\u00e4ndigkeit und sorgt daf\u00fcr, dass die geb\u00fcrstete Textur und der Lichtstrahleffekt auch bei langfristiger Verwendung lebendig bleiben. Die hochreflektierende Schicht verst\u00e4rkt die Brillanz des horizontalen Lichtstrahls, w\u00e4hrend die PET-Kernschicht ein Gleichgewicht zwischen Flexibilit\u00e4t und struktureller Stabilit\u00e4t f\u00fcr verschiedene Verarbeitungsanforderungen schafft.<\/p>\n<figure id=\"attachment_603\" aria-describedby=\"caption-attachment-603\" style=\"width: 800px\" class=\"wp-caption alignnone\"><img decoding=\"async\" class=\"size-full wp-image-603\" src=\"https:\/\/www.ywjunchi.com\/wp-content\/uploads\/2026\/03\/011-2.jpg\" alt=\"E068B S\u00e4ule Licht umfassen Linie Haustier holographischen Film\" width=\"800\" height=\"800\" srcset=\"https:\/\/www.ywjunchi.com\/wp-content\/uploads\/2026\/03\/011-2.jpg 800w, https:\/\/www.ywjunchi.com\/wp-content\/uploads\/2026\/03\/011-2-300x300.jpg 300w, https:\/\/www.ywjunchi.com\/wp-content\/uploads\/2026\/03\/011-2-100x100.jpg 100w, https:\/\/www.ywjunchi.com\/wp-content\/uploads\/2026\/03\/011-2-600x600.jpg 600w, https:\/\/www.ywjunchi.com\/wp-content\/uploads\/2026\/03\/011-2-150x150.jpg 150w, https:\/\/www.ywjunchi.com\/wp-content\/uploads\/2026\/03\/011-2-768x768.jpg 768w\" sizes=\"(max-width: 800px) 100vw, 800px\" \/><figcaption id=\"caption-attachment-603\" class=\"wp-caption-text\">E068B S\u00e4ule Licht umfassen Linie Haustier holographischen Film<\/figcaption><\/figure>\n<h2>Gezielte Anwendungen<\/h2>\n<p>Sie nutzt den einzigartigen geb\u00fcrsteten horizontalen Lichteffekt, die Standardbreite von 820 mm und die Kompatibilit\u00e4t mit mehreren Prozessen,<\/p>\n<p>E068B ist ideal f\u00fcr:<\/p>\n<p>Holografischer Karton: Laminierung mit Papier zur Herstellung von hochwertigem holografischem Karton, dem Hauptrohstoff f\u00fcr hochwertige Verpackungen.<\/p>\n<p>UV-Offsetdruck-Projekte: Geeignet f\u00fcr UV-Offsetdruckverfahren, ideal f\u00fcr den Druck auf Oberfl\u00e4chen von Kosmetikboxen und anderen hochwertigen Verpackungen.<\/p>\n<p>Kosmetikschachteln: Das Kernmaterial f\u00fcr die Herstellung von Kosmetikschachteln mit einer St\u00e4rke von 16\u03bcm eignet sich f\u00fcr das Falten und Formen von Schachteln, w\u00e4hrend der geb\u00fcrstete horizontale Lichtstrahleffekt den Kosmetikverpackungen eine elegante, hochwertige Differenzierung verleiht.<\/p>\n<h2>Warum sollten Sie sich f\u00fcr YWJUNCHI E068B entscheiden?<\/h2>\n<p><strong>Einzigartiger \u00e4sthetischer Vorteil<\/strong>K LASER E068B kombiniert eine hochwertige geb\u00fcrstete Textur mit dynamischem horizontalem Licht und unterscheidet sich damit von herk\u00f6mmlichen holografischen Folien.<\/p>\n<p><strong>Standardisierte Breite<\/strong>Die maximale Breite von 820 mm eignet sich f\u00fcr g\u00e4ngige Verpackungs-\/Druckmaschinen, wodurch die Produktionseffizienz gew\u00e4hrleistet und der Materialabfall minimiert wird.<\/p>\n<p><strong>PET-Spezialisierung<\/strong>Fokussiert auf nahtloses PET-Material f\u00fcr Umweltfreundlichkeit, Stabilit\u00e4t und hohe Leistung - ideal f\u00fcr hochwertige und umweltbewusste Marken.<\/p>\n<p><strong>Multi-Process-Kompatibilit\u00e4t<\/strong>Optimiert f\u00fcr die Laminierung, den Druck und die Herstellung von Kosmetikschachteln, wodurch der Bedarf an mehreren Folientypen entf\u00e4llt.<\/p>\n<p><strong>Qualit\u00e4tssicherung<\/strong>Mehr als 20 Jahre Erfahrung in der Herstellung, strenge Tests f\u00fcr Musterkonsistenz, Materialleistung und Anpassungsf\u00e4higkeit bei der Verarbeitung; erf\u00fcllt EU REACH und chinesische Umweltstandards.<\/p>\n<p><strong>Unterst\u00fctzung bei der Anpassung<\/strong>Feste Dicke von 16\u03bcm (optimiert f\u00fcr Kernanwendungen), anpassbarer Farbton (Silber, Gold, transparentes metallisiertes ZNS) und optionale Sicherheitselemente f\u00fcr die Produktion von Kosmetikboxen und holografischem Karton.<\/p>\n<figure id=\"attachment_601\" aria-describedby=\"caption-attachment-601\" style=\"width: 800px\" class=\"wp-caption alignnone\"><img loading=\"lazy\" decoding=\"async\" class=\"size-full wp-image-601\" src=\"https:\/\/www.ywjunchi.com\/wp-content\/uploads\/2026\/03\/011-1.jpg\" alt=\"E068B S\u00e4ule Licht umfassen Linie Haustier Hologramm Film\" width=\"800\" height=\"800\" srcset=\"https:\/\/www.ywjunchi.com\/wp-content\/uploads\/2026\/03\/011-1.jpg 800w, https:\/\/www.ywjunchi.com\/wp-content\/uploads\/2026\/03\/011-1-300x300.jpg 300w, https:\/\/www.ywjunchi.com\/wp-content\/uploads\/2026\/03\/011-1-100x100.jpg 100w, https:\/\/www.ywjunchi.com\/wp-content\/uploads\/2026\/03\/011-1-600x600.jpg 600w, https:\/\/www.ywjunchi.com\/wp-content\/uploads\/2026\/03\/011-1-150x150.jpg 150w, https:\/\/www.ywjunchi.com\/wp-content\/uploads\/2026\/03\/011-1-768x768.jpg 768w\" sizes=\"(max-width: 800px) 100vw, 800px\" \/><figcaption id=\"caption-attachment-601\" class=\"wp-caption-text\">E068B S\u00e4ule Licht umfassen Linie Haustier Hologramm Film<\/figcaption><\/figure>\n<h2>FAQ?<\/h2>\n<p><strong>Welchen Vorteil bietet das Design des geb\u00fcrsteten horizontalen Lichtstrahls f\u00fcr seine Hauptanwendung?<\/strong>Es bietet eine hochwertige, raffinierte geb\u00fcrstete Textur, gepaart mit einem eleganten horizontalen Lichteffekt - nicht blendend, taktil und perfekt f\u00fcr holografischen Karton und Kosmetikschachteln, die ein subtiles, aber auff\u00e4lliges Premium-Branding erfordern.<\/p>\n<p><strong>Kann das E068B f\u00fcr die Hochgeschwindigkeits-Etikettenproduktion verwendet werden?<\/strong>Ja. Antihaft- und antistatische Eigenschaften sorgen f\u00fcr eine reibungslose Zuf\u00fchrung durch Etikettenmaschinen und unterst\u00fctzen Hochgeschwindigkeitsstanzungen und Klebstoffanwendungen ohne Verklemmungen oder Staubansammlungen.<\/p>\n<p><strong>Wie unterscheidet sich E068B von K209A (kleine horizontale S\u00e4ulenleuchte)?<\/strong><\/p>\n<table>\n<tbody>\n<tr>\n<td width=\"110\">Modell<\/td>\n<td width=\"110\">Kerndesign<\/td>\n<td width=\"110\">Breite<\/td>\n<td width=\"141\">Visuelles Schl\u00fcsselmerkmal<\/td>\n<td width=\"122\">Zentrale St\u00e4rke<\/td>\n<\/tr>\n<tr>\n<td width=\"110\">E068B<\/td>\n<td width=\"110\">K LASER E068B (geb\u00fcrstet)<\/td>\n<td width=\"110\">820mm<\/td>\n<td width=\"141\">Geb\u00fcrsteter horizontaler Lichtstrahl<\/td>\n<td width=\"122\">Hochwertige geb\u00fcrstete Textur + eleganter Lichteffekt<\/td>\n<\/tr>\n<tr>\n<td width=\"110\">K209A<\/td>\n<td width=\"110\">Kleine horizontale S\u00e4ulenleuchte<\/td>\n<td width=\"110\">900mm<\/td>\n<td width=\"141\">Dichtes kleines horizontales S\u00e4ulenlichtarray<\/td>\n<td width=\"122\">Zartes, hochdichtes Lichtarray<\/td>\n<\/tr>\n<\/tbody>\n<\/table>\n<p>Heben Sie Ihre Marke mit dem einzigartigen geb\u00fcrsteten horizontalen holografischen Lichteffekt des E068B hervor - YWJUNCHI bietet Premium-Qualit\u00e4t, vielseitige Verwendbarkeit und standardisierte Effizienz, die auf Ihre hochwertigen Verpackungs- und Druckanforderungen zugeschnitten sind - kostenlose Muster zum Testen verf\u00fcgbar!<\/p>\n<p>YWJUNCHI E068B - Wo geb\u00fcrstete Raffinesse auf horizontale Lichtbrillanz trifft!<\/p>","protected":false},"excerpt":{"rendered":"<p>E068B nahtlose S\u00e4ule Licht umfassen Linie Haustier Hologramm Film, maximale Breite 820mm.<\/p>","protected":false},"featured_media":601,"comment_status":"open","ping_status":"closed","template":"","meta":[],"product_brand":[],"product_cat":[17],"product_tag":[51,52],"class_list":{"0":"post-214","1":"product","2":"type-product","3":"status-publish","4":"has-post-thumbnail","6":"product_cat-holographic-film","7":"product_tag-e068b-pillar-light-with-line-hologram-film","8":"product_tag-z10-lightbeem-include-line-pet-holographic-film","10":"first","11":"instock","12":"shipping-taxable","13":"product-type-simple"},"_links":{"self":[{"href":"https:\/\/www.ywjunchi.com\/de\/wp-json\/wp\/v2\/product\/214","targetHints":{"allow":["GET"]}}],"collection":[{"href":"https:\/\/www.ywjunchi.com\/de\/wp-json\/wp\/v2\/product"}],"about":[{"href":"https:\/\/www.ywjunchi.com\/de\/wp-json\/wp\/v2\/types\/product"}],"replies":[{"embeddable":true,"href":"https:\/\/www.ywjunchi.com\/de\/wp-json\/wp\/v2\/comments?post=214"}],"wp:featuredmedia":[{"embeddable":true,"href":"https:\/\/www.ywjunchi.com\/de\/wp-json\/wp\/v2\/media\/601"}],"wp:attachment":[{"href":"https:\/\/www.ywjunchi.com\/de\/wp-json\/wp\/v2\/media?parent=214"}],"wp:term":[{"taxonomy":"product_brand","embeddable":true,"href":"https:\/\/www.ywjunchi.com\/de\/wp-json\/wp\/v2\/product_brand?post=214"},{"taxonomy":"product_cat","embeddable":true,"href":"https:\/\/www.ywjunchi.com\/de\/wp-json\/wp\/v2\/product_cat?post=214"},{"taxonomy":"product_tag","embeddable":true,"href":"https:\/\/www.ywjunchi.com\/de\/wp-json\/wp\/v2\/product_tag?post=214"}],"curies":[{"name":"wp","href":"https:\/\/api.w.org\/{rel}","templated":true}]}}