{"id":203,"date":"2026-03-17T07:28:33","date_gmt":"2026-03-17T07:28:33","guid":{"rendered":"https:\/\/www.ywjunchi.com\/?post_type=product&#038;p=203"},"modified":"2026-04-29T02:05:53","modified_gmt":"2026-04-29T02:05:53","slug":"k254-pillar-milkway-holografische-folie","status":"publish","type":"product","link":"https:\/\/www.ywjunchi.com\/de\/product\/k254-pillar-milkway-holographic-film\/","title":{"rendered":"K254 S\u00e4ule Milchstra\u00dfe holografische Folie"},"content":{"rendered":"<p>YIWU JUNCHI PACKAGING MATERIAL FIRM, mit mehr als 20 Jahren Erfahrung in der Herstellung von holografischen Folien, widmet sich der Bereitstellung von qualitativ hochwertigen holografischen Verpackungsmaterialien. Wir liefern haupts\u00e4chlich holografisches Transferpapier, holografischen Laminierkarton und die bekannte YWJUNCHI K254 nahtlose holografische Folie, die die unterschiedlichen Verpackungsanforderungen verschiedener Branchen abdeckt.<\/p>\n<p><strong>K254 Nahtloser holografischer Film f\u00fcr Haustiere, S\u00e4ulenlicht in horizontaler Richtung mit Milchstra\u00dfenhologrammen.<\/strong><\/p>\n<p><strong>Herstellung<\/strong>:YIWU JUNCHI VERPACKUNGSMATERIAL FIRMA<\/p>\n<p><strong>Wichtige Parameter<\/strong>:<\/p>\n<p>Dicke:16 Mikron<\/p>\n<p>Maximale Breite:900mm<\/p>\n<p>Verwendung: Laminierung und \u00dcbertragung, zur Herstellung von holografischem Papier<\/p>\n<p>Produktionserfahrung: Mehr als 20 Jahre spezialisierte Herstellung von holografischen Folien (zuverl\u00e4ssige Qualit\u00e4t durch reiche Industrieerfahrung und ausgereifte Produktionstechnologie garantiert)<\/p>\n<figure id=\"attachment_587\" aria-describedby=\"caption-attachment-587\" style=\"width: 800px\" class=\"wp-caption alignnone\"><img fetchpriority=\"high\" decoding=\"async\" class=\"size-full wp-image-587\" src=\"https:\/\/www.ywjunchi.com\/wp-content\/uploads\/2026\/03\/007-2.jpg\" alt=\"K254 S\u00e4ule Milchstra\u00dfe holografische Folie\" width=\"800\" height=\"800\" srcset=\"https:\/\/www.ywjunchi.com\/wp-content\/uploads\/2026\/03\/007-2.jpg 800w, https:\/\/www.ywjunchi.com\/wp-content\/uploads\/2026\/03\/007-2-300x300.jpg 300w, https:\/\/www.ywjunchi.com\/wp-content\/uploads\/2026\/03\/007-2-100x100.jpg 100w, https:\/\/www.ywjunchi.com\/wp-content\/uploads\/2026\/03\/007-2-600x600.jpg 600w, https:\/\/www.ywjunchi.com\/wp-content\/uploads\/2026\/03\/007-2-150x150.jpg 150w, https:\/\/www.ywjunchi.com\/wp-content\/uploads\/2026\/03\/007-2-768x768.jpg 768w\" sizes=\"(max-width: 800px) 100vw, 800px\" \/><figcaption id=\"caption-attachment-587\" class=\"wp-caption-text\">K254 S\u00e4ule Milchstra\u00dfe holografische Folie<\/figcaption><\/figure>\n<h2>Was macht K254 zu einer vielseitigen holografischen Wahl?<\/h2>\n<p><strong>Dual-Master-Design und fortschrittliche holografische Handwerkskunst<\/strong><\/p>\n<p>Die K254-Serie wird mit der Premium-Doppelkerntechnologie - holografische Pr\u00e4gung - hergestellt und verf\u00fcgt \u00fcber hochaufl\u00f6sende, dynamische holografische Muster mit ultrafeinen Mikro-Nano-Strukturen (\u22654000 dpi Aufl\u00f6sung). Diese Dual-Master-Integration verbindet die klassische Muster\u00e4sthetik von Zhongjia mit der fortschrittlichen Lichtinterferenztechnologie von K LASER und erzeugt einen visuell unverwechselbaren und schwer zu reproduzierenden holografischen Effekt, der die F\u00e4lschungssicherheit und die Attraktivit\u00e4t des Produkts erh\u00f6ht.Die nahtlose Struktur sorgt f\u00fcr eine gleichbleibende Klarheit und Brillanz des Musters \u00fcber die gesamte ultrabreite Breite von 1120 mm, ohne Splei\u00dfl\u00fccken oder Musterunterbrechungen, selbst bei gro\u00dfformatiger Verarbeitung, was die Produktionseffizienz und den Produktertrag effektiv verbessert.<\/p>\n<figure id=\"attachment_588\" aria-describedby=\"caption-attachment-588\" style=\"width: 800px\" class=\"wp-caption alignnone\"><img decoding=\"async\" class=\"size-full wp-image-588\" src=\"https:\/\/www.ywjunchi.com\/wp-content\/uploads\/2026\/03\/007-3.jpg\" alt=\"K254 S\u00e4ule Milchstra\u00dfe holografische Folie\" width=\"800\" height=\"800\" srcset=\"https:\/\/www.ywjunchi.com\/wp-content\/uploads\/2026\/03\/007-3.jpg 800w, https:\/\/www.ywjunchi.com\/wp-content\/uploads\/2026\/03\/007-3-300x300.jpg 300w, https:\/\/www.ywjunchi.com\/wp-content\/uploads\/2026\/03\/007-3-100x100.jpg 100w, https:\/\/www.ywjunchi.com\/wp-content\/uploads\/2026\/03\/007-3-600x600.jpg 600w, https:\/\/www.ywjunchi.com\/wp-content\/uploads\/2026\/03\/007-3-150x150.jpg 150w, https:\/\/www.ywjunchi.com\/wp-content\/uploads\/2026\/03\/007-3-768x768.jpg 768w\" sizes=\"(max-width: 800px) 100vw, 800px\" \/><figcaption id=\"caption-attachment-588\" class=\"wp-caption-text\">K254 S\u00e4ule Milchstra\u00dfe holografische Folie<\/figcaption><\/figure>\n<p><strong>Die wichtigsten Vorteile: Dual-Material-Flexibilit\u00e4t und Anpassungsf\u00e4higkeit an mehrere Verwendungszwecke<\/strong><\/p>\n<p>Materialvorteil: Die Serie K254 besteht aus hochwertigem, nahtlosem PET-Material, das sich durch stabile physikalische Eigenschaften, hervorragende Laminier- und \u00dcbertragungseigenschaften und gute Kompatibilit\u00e4t mit der Papierverarbeitung auszeichnet. Es wurde speziell f\u00fcr die Herstellung von holografischem Papier entwickelt und gew\u00e4hrleistet einen klaren holografischen Effekt und eine feste Kombination mit Papier, was eine solide Grundlage f\u00fcr die nachfolgende Verpackungsproduktion darstellt.<\/p>\n<p>Anpassungsf\u00e4higkeit f\u00fcr mehrere Anwendungen: Das Produkt ist perfekt mit drei wichtigen Verarbeitungsmethoden kompatibel: Laminierung, Druck und Aufkleberproduktion.Bei Laminierungsanwendungen kann es eng an Papier oder Karton haften, wodurch die Textur und die F\u00e4lschungssicherheit der Verpackungsoberfl\u00e4che verbessert werden; bei Druckanwendungen passt es sich gut an UV-, Offset- und Flexodrucktechnologien an, wodurch klare Druckmuster, schnelles Trocknen der Tinte und kein Verschmieren gew\u00e4hrleistet werden, was die \u00fcblichen Druckprobleme herk\u00f6mmlicher holografischer Materialien l\u00f6st; bei der Herstellung von Aufklebern kann es zu verschiedenen Spezifikationen von holografischen Aufklebern verarbeitet werden, die f\u00fcr Produktkennzeichnung, Markenkennzeichnung und andere Szenarien geeignet sind und eine hohe Anwendbarkeit aufweisen.<\/p>\n<figure id=\"attachment_586\" aria-describedby=\"caption-attachment-586\" style=\"width: 800px\" class=\"wp-caption alignnone\"><img decoding=\"async\" class=\"size-full wp-image-586\" src=\"https:\/\/www.ywjunchi.com\/wp-content\/uploads\/2026\/03\/007-1.jpg\" alt=\"K254 S\u00e4ule Milchstra\u00dfe holografische Folie\" width=\"800\" height=\"800\" srcset=\"https:\/\/www.ywjunchi.com\/wp-content\/uploads\/2026\/03\/007-1.jpg 800w, https:\/\/www.ywjunchi.com\/wp-content\/uploads\/2026\/03\/007-1-300x300.jpg 300w, https:\/\/www.ywjunchi.com\/wp-content\/uploads\/2026\/03\/007-1-100x100.jpg 100w, https:\/\/www.ywjunchi.com\/wp-content\/uploads\/2026\/03\/007-1-600x600.jpg 600w, https:\/\/www.ywjunchi.com\/wp-content\/uploads\/2026\/03\/007-1-150x150.jpg 150w, https:\/\/www.ywjunchi.com\/wp-content\/uploads\/2026\/03\/007-1-768x768.jpg 768w\" sizes=\"(max-width: 800px) 100vw, 800px\" \/><figcaption id=\"caption-attachment-586\" class=\"wp-caption-text\">K254 S\u00e4ule Milchstra\u00dfe holografische Folie<\/figcaption><\/figure>\n<h2>Andere Kernprodukte<\/h2>\n<p><strong>Holografisches Transferpapier und Hologrammkarton zur Laminierung<\/strong><\/p>\n<p>Unser holografisches Transferpapier und unser holografischer Laminierkarton zeichnen sich durch ein atemberaubendes Regenbogenschimmern aus, das sich je nach Betrachtungswinkel ver\u00e4ndert und Produktverpackungen eine hochwertige und auff\u00e4llige Ausstrahlung verleiht. Au\u00dferdem haben sie eine gewisse f\u00e4lschungssichere Wirkung, \u00e4hnlich wie holografische Folien.<\/p>\n<p><strong>Produktspezifikationen<\/strong>:<\/p>\n<p>Dicke:82gsm-232gsm (erh\u00e4ltlich in einer Reihe von Spezifikationen, um unterschiedliche Verpackungsanforderungen zu erf\u00fcllen)<\/p>\n<p>Breite: 788 mm (Standardgr\u00f6\u00dfe, geeignet f\u00fcr Massenproduktion und Verarbeitung)<\/p>\n<p>Anwendbare Drucktechnik: UV-Offsetdruck (das optimale Druckverfahren f\u00fcr holografische Materialien, da es eine schnelle Tintentrocknung und hochwertige Druckergebnisse gew\u00e4hrleistet und ein Verschmieren der Tinte auf der reflektierenden Oberfl\u00e4che verhindert)<\/p>\n<figure id=\"attachment_589\" aria-describedby=\"caption-attachment-589\" style=\"width: 800px\" class=\"wp-caption alignnone\"><img loading=\"lazy\" decoding=\"async\" class=\"size-full wp-image-589\" src=\"https:\/\/www.ywjunchi.com\/wp-content\/uploads\/2026\/03\/007-4.jpg\" alt=\"K254 S\u00e4ule Milchstra\u00dfe holografische Folie\" width=\"800\" height=\"800\" srcset=\"https:\/\/www.ywjunchi.com\/wp-content\/uploads\/2026\/03\/007-4.jpg 800w, https:\/\/www.ywjunchi.com\/wp-content\/uploads\/2026\/03\/007-4-300x300.jpg 300w, https:\/\/www.ywjunchi.com\/wp-content\/uploads\/2026\/03\/007-4-100x100.jpg 100w, https:\/\/www.ywjunchi.com\/wp-content\/uploads\/2026\/03\/007-4-600x600.jpg 600w, https:\/\/www.ywjunchi.com\/wp-content\/uploads\/2026\/03\/007-4-150x150.jpg 150w, https:\/\/www.ywjunchi.com\/wp-content\/uploads\/2026\/03\/007-4-768x768.jpg 768w\" sizes=\"(max-width: 800px) 100vw, 800px\" \/><figcaption id=\"caption-attachment-589\" class=\"wp-caption-text\">K254 S\u00e4ule Milchstra\u00dfe holografische Folie<\/figcaption><\/figure>\n<p><strong>Anwendungsszenarien<\/strong>:<\/p>\n<p>Diese beiden Produkte werden haupts\u00e4chlich f\u00fcr die Herstellung von holografischen Papierschachteln verwendet, die in gro\u00dfem Umfang f\u00fcr die Verpackung hochwertiger Produkte wie Kosmetika, Zahnpasta, Zigaretten usw. eingesetzt werden. Die holografische Oberfl\u00e4che erh\u00f6ht die Attraktivit\u00e4t der Produkte im Regal und schafft ein luxuri\u00f6ses Auspackerlebnis, das Marken dabei hilft, sich auf dem umk\u00e4mpften Markt abzuheben.<\/p>","protected":false},"excerpt":{"rendered":"<p>K254 horizontale Leuchts\u00e4ule mit holografischer Folie, horizontale Lichtrichtung, maximale Breite 900mm.<\/p>","protected":false},"featured_media":586,"comment_status":"open","ping_status":"closed","template":"","meta":[],"product_brand":[],"product_cat":[17],"product_tag":[38],"class_list":{"0":"post-203","1":"product","2":"type-product","3":"status-publish","4":"has-post-thumbnail","6":"product_cat-holographic-film","7":"product_tag-pillar-milky-way-holographic-film","9":"first","10":"instock","11":"shipping-taxable","12":"product-type-simple"},"_links":{"self":[{"href":"https:\/\/www.ywjunchi.com\/de\/wp-json\/wp\/v2\/product\/203","targetHints":{"allow":["GET"]}}],"collection":[{"href":"https:\/\/www.ywjunchi.com\/de\/wp-json\/wp\/v2\/product"}],"about":[{"href":"https:\/\/www.ywjunchi.com\/de\/wp-json\/wp\/v2\/types\/product"}],"replies":[{"embeddable":true,"href":"https:\/\/www.ywjunchi.com\/de\/wp-json\/wp\/v2\/comments?post=203"}],"wp:featuredmedia":[{"embeddable":true,"href":"https:\/\/www.ywjunchi.com\/de\/wp-json\/wp\/v2\/media\/586"}],"wp:attachment":[{"href":"https:\/\/www.ywjunchi.com\/de\/wp-json\/wp\/v2\/media?parent=203"}],"wp:term":[{"taxonomy":"product_brand","embeddable":true,"href":"https:\/\/www.ywjunchi.com\/de\/wp-json\/wp\/v2\/product_brand?post=203"},{"taxonomy":"product_cat","embeddable":true,"href":"https:\/\/www.ywjunchi.com\/de\/wp-json\/wp\/v2\/product_cat?post=203"},{"taxonomy":"product_tag","embeddable":true,"href":"https:\/\/www.ywjunchi.com\/de\/wp-json\/wp\/v2\/product_tag?post=203"}],"curies":[{"name":"wp","href":"https:\/\/api.w.org\/{rel}","templated":true}]}}