{"id":180,"date":"2026-03-17T09:07:43","date_gmt":"2026-03-17T09:07:43","guid":{"rendered":"https:\/\/www.ywjunchi.com\/?post_type=product&#038;p=180"},"modified":"2026-04-30T06:02:42","modified_gmt":"2026-04-30T06:02:42","slug":"z37-holographische-folie-fur-haustiere","status":"publish","type":"product","link":"https:\/\/www.ywjunchi.com\/de\/product\/z37-pet-holographic-film\/","title":{"rendered":"Z37 holografische Folie f\u00fcr Haustiere"},"content":{"rendered":"<h2>Z37 Nahtlose PET-Regenbogen Holografische Folie<\/h2>\n<div class=\"ds-scroll-area ds-scroll-area--show-on-focus-within _1210dd7 c03cafe9\">\n<table>\n<thead>\n<tr>\n<th style=\"text-align: left;\"><strong>Spezifikation<\/strong><\/th>\n<th><strong>Einzelheiten<\/strong><\/th>\n<\/tr>\n<\/thead>\n<tbody>\n<tr>\n<td><strong>Marke<\/strong><\/td>\n<td>YIWU JUNCHI VERPACKUNGSMATERIAL<\/td>\n<\/tr>\n<tr>\n<td><strong>Kernspezifikation<\/strong><\/td>\n<td>Serie Z37 (Regenbogen-Design, silberne gl\u00e4nzende Oberfl\u00e4che)<\/td>\n<\/tr>\n<tr>\n<td><strong>Hauptmerkmal<\/strong><\/td>\n<td>Farbe \u00e4hnlich wie bei K Laser echter nahtloser Hologrammfolie<\/td>\n<\/tr>\n<tr>\n<td><strong>Wichtigste Effekte<\/strong><\/td>\n<td>Optionen f\u00fcr Laminierung und \u00dcbertragung<\/td>\n<\/tr>\n<tr>\n<td><strong>Maximale Masterbreite<\/strong><\/td>\n<td>830mm<\/td>\n<\/tr>\n<tr>\n<td><strong>Erfahrung in der Produktion<\/strong><\/td>\n<td>Mehr als 20 Jahre spezialisierte Fertigung<\/td>\n<\/tr>\n<\/tbody>\n<\/table>\n<\/div>\n<hr \/>\n<figure id=\"attachment_577\" aria-describedby=\"caption-attachment-577\" style=\"width: 800px\" class=\"wp-caption alignnone\"><img fetchpriority=\"high\" decoding=\"async\" class=\"size-full wp-image-577\" src=\"https:\/\/www.ywjunchi.com\/wp-content\/uploads\/2026\/03\/010-2.jpg\" alt=\"z37 nahtlose regenbogen haustier hologramm film\" width=\"800\" height=\"800\" srcset=\"https:\/\/www.ywjunchi.com\/wp-content\/uploads\/2026\/03\/010-2.jpg 800w, https:\/\/www.ywjunchi.com\/wp-content\/uploads\/2026\/03\/010-2-300x300.jpg 300w, https:\/\/www.ywjunchi.com\/wp-content\/uploads\/2026\/03\/010-2-100x100.jpg 100w, https:\/\/www.ywjunchi.com\/wp-content\/uploads\/2026\/03\/010-2-600x600.jpg 600w, https:\/\/www.ywjunchi.com\/wp-content\/uploads\/2026\/03\/010-2-150x150.jpg 150w, https:\/\/www.ywjunchi.com\/wp-content\/uploads\/2026\/03\/010-2-768x768.jpg 768w\" sizes=\"(max-width: 800px) 100vw, 800px\" \/><figcaption id=\"caption-attachment-577\" class=\"wp-caption-text\">z37 nahtlose regenbogen haustier hologramm film<\/figcaption><\/figure>\n<h2>Was macht die nahtlose holografische PET-Folie Z37 so einzigartig?<\/h2>\n<h3>Unverwechselbare \u00c4sthetik &amp; Kernproduktion<\/h3>\n<p class=\"ds-markdown-paragraph\">Die Z37-Serie wird mittels Pr\u00e4zisionsbeschichtung und holografischer Pr\u00e4getechnologie hergestellt und weist ein atemberaubendes Regenbogendesign mit silbernen, hellen T\u00f6nen auf, das das erstklassige Erscheinungsbild der nahtlosen K-Laser-Hologrammfolie widerspiegelt. Der Lasereffekt wird \u00fcber Formplatten angepasst, wobei die Prinzipien der stimulierten Emissionslichtverst\u00e4rkung genutzt werden, um gestochen scharfe, konsistente Muster zu liefern (einschlie\u00dflich der glatten Laseroberfl\u00e4che).<\/p>\n<h3>Unerreichte Funktionen (ma\u00dfgeschneidert f\u00fcr Z37)<\/h3>\n<p class=\"ds-markdown-paragraph\">Hervorragender F\u00e4lschungsschutz: Einzigartige holografische Regenbogen-Silber-Muster und die F\u00e4higkeit, hohle Laserw\u00f6rter (\u00fcber die PET-Schicht-Gravur) zu erzeugen, verhindern F\u00e4lschungen.<\/p>\n<p class=\"ds-markdown-paragraph\">Umweltfreundlich und langlebig: Umweltfreundlich, ungiftig und sehr widerstandsf\u00e4hig gegen Tintenerosion, Wasserdampf und Kohlendioxid.<\/p>\n<p class=\"ds-markdown-paragraph\">Hohe Leistung: Au\u00dfergew\u00f6hnlicher Glanz (ideal f\u00fcr Rauchverpackungen), antistatische Eigenschaften, Antihaftwirkung und hervorragende Maschinenanpassung - perfekt f\u00fcr Hochgeschwindigkeitsverpackungslinien.<\/p>\n<p class=\"ds-markdown-paragraph\">Stabilit\u00e4t: H\u00e4lt hohen Temperaturen stand und bewahrt eine ausgezeichnete Farbechtheit; die glatte, transparente Oberfl\u00e4che gew\u00e4hrleistet einwandfreie Druckergebnisse.<\/p>\n<h3>Schichtstruktur:<\/h3>\n<p class=\"ds-markdown-paragraph\"><strong>Undurchsichtige Deckschicht\u2192Flache Reflexionsschicht\u2192PET-Durchl\u00e4ssigkeitsschicht\u2192Diffuse Reflexionsschicht\u2192(Wiederholung f\u00fcr verst\u00e4rkte Wirkung)<\/strong><\/p>\n<p class=\"ds-markdown-paragraph\">Dieses zweischichtige Reflexionsdesign verst\u00e4rkt den holografischen Silber-Regenbogen-Effekt des Z37 und sorgt f\u00fcr eine lebendige, auff\u00e4llige Brillanz, die direkt unter nat\u00fcrlichem Licht sichtbar ist - eine luxuri\u00f6se Produktverpackung.<\/p>\n<figure id=\"attachment_578\" aria-describedby=\"caption-attachment-578\" style=\"width: 800px\" class=\"wp-caption alignnone\"><img decoding=\"async\" class=\"size-full wp-image-578\" src=\"https:\/\/www.ywjunchi.com\/wp-content\/uploads\/2026\/03\/010-1.jpg\" alt=\"z37 nahtlose regenbogen haustier holografische folie\" width=\"800\" height=\"800\" srcset=\"https:\/\/www.ywjunchi.com\/wp-content\/uploads\/2026\/03\/010-1.jpg 800w, https:\/\/www.ywjunchi.com\/wp-content\/uploads\/2026\/03\/010-1-300x300.jpg 300w, https:\/\/www.ywjunchi.com\/wp-content\/uploads\/2026\/03\/010-1-100x100.jpg 100w, https:\/\/www.ywjunchi.com\/wp-content\/uploads\/2026\/03\/010-1-600x600.jpg 600w, https:\/\/www.ywjunchi.com\/wp-content\/uploads\/2026\/03\/010-1-150x150.jpg 150w, https:\/\/www.ywjunchi.com\/wp-content\/uploads\/2026\/03\/010-1-768x768.jpg 768w\" sizes=\"(max-width: 800px) 100vw, 800px\" \/><figcaption id=\"caption-attachment-578\" class=\"wp-caption-text\">z37 nahtlose regenbogen haustier holografische folie<\/figcaption><\/figure>\n<hr \/>\n<h2>Vielseitige Anwendungen<\/h2>\n<p class=\"ds-markdown-paragraph\">Die holografische Folie Z37 PET ist die erste Wahl f\u00fcr:<\/p>\n<p class=\"ds-markdown-paragraph\">Verbraucherverpackungen: Tabakschachteln, Maskenverpackungen, Kosmetikschachteln, Lebensmittel- und Getr\u00e4nkeetiketten (gl\u00e4nzt in hochwertigen Produktlinien).<\/p>\n<p class=\"ds-markdown-paragraph\">Premium-Verpackungen: Spezielle Geschenkschachteln, Handtaschen (laminiert auf Papier\/Kartenmaterial f\u00fcr ein luxuri\u00f6ses Finish).<\/p>\n<p class=\"ds-markdown-paragraph\">Flexible Verpackungen: Rollenware f\u00fcr Form-Fill-Seal (FFS)-Maschinen, vorgefertigte siegelbare Beutel.<\/p>\n<p class=\"ds-markdown-paragraph\">Markenaufwertung:Kombiniert die visuelle Attraktivit\u00e4t von Silberregenbogen mit dem Schutz vor F\u00e4lschungen, um den Wiedererkennungswert und das Vertrauen in die Marke zu erh\u00f6hen.<\/p>\n<hr \/>\n<h2>Warum YWJUNCHI Z37 w\u00e4hlen?<\/h2>\n<p class=\"ds-markdown-paragraph\">1, Spezielles Design: Das silberne Regenbogen-Finish des Z37 repliziert die echte nahtlose Hologramm-\u00c4sthetik von K Laser zu einem kosteng\u00fcnstigen Preis.<\/p>\n<p class=\"ds-markdown-paragraph\">2, Branchenf\u00fchrer: F\u00fchrender Hersteller von holografischen PET-Folien in China, der das Vertrauen von globalen H\u00e4ndlern und Marken genie\u00dft.<\/p>\n<p class=\"ds-markdown-paragraph\">3, Anpassung: Flexible Designs, Farben, Dicken und Gr\u00f6\u00dfen - unterst\u00fctzt OEM\/ODM-Anforderungen f\u00fcr einzigartige Verpackungsanforderungen.<\/p>\n<p class=\"ds-markdown-paragraph\">4, Qualit\u00e4tssicherung: Ein professionelles Team zur \u00dcberwachung der Produktion sorgt f\u00fcr gleichbleibende Stabilit\u00e4t und Zuverl\u00e4ssigkeit und h\u00e4lt sich an internationale Qualit\u00e4tsstandards.<\/p>\n<p class=\"ds-markdown-paragraph\">5, Umweltfreundlich: Umweltvertr\u00e4gliche Materialien entsprechen den globalen gr\u00fcnen Verpackungstrends.<\/p>\n<p class=\"ds-markdown-paragraph\">6, Kosteneffektiv: Mehr als 20 Jahre Erfahrung liefern optimierte L\u00f6sungen zu wettbewerbsf\u00e4higen Preisen, ohne Kompromisse bei der Qualit\u00e4t.<\/p>\n<p class=\"ds-markdown-paragraph\">7, Kundenorientiert: Engagierte F&amp;E- und Ingenieurteams, um spezifische Kundenanforderungen zu erf\u00fcllen; Fokus auf langfristige Gesch\u00e4ftspartnerschaften.<\/p>\n<figure id=\"attachment_579\" aria-describedby=\"caption-attachment-579\" style=\"width: 800px\" class=\"wp-caption alignnone\"><img decoding=\"async\" class=\"size-full wp-image-579\" src=\"https:\/\/www.ywjunchi.com\/wp-content\/uploads\/2026\/03\/010-3.jpg\" alt=\"z37 randlose holografische Regenbogenfolie f\u00fcr Haustiere\" width=\"800\" height=\"800\" srcset=\"https:\/\/www.ywjunchi.com\/wp-content\/uploads\/2026\/03\/010-3.jpg 800w, https:\/\/www.ywjunchi.com\/wp-content\/uploads\/2026\/03\/010-3-300x300.jpg 300w, https:\/\/www.ywjunchi.com\/wp-content\/uploads\/2026\/03\/010-3-100x100.jpg 100w, https:\/\/www.ywjunchi.com\/wp-content\/uploads\/2026\/03\/010-3-600x600.jpg 600w, https:\/\/www.ywjunchi.com\/wp-content\/uploads\/2026\/03\/010-3-150x150.jpg 150w, https:\/\/www.ywjunchi.com\/wp-content\/uploads\/2026\/03\/010-3-768x768.jpg 768w\" sizes=\"(max-width: 800px) 100vw, 800px\" \/><figcaption id=\"caption-attachment-579\" class=\"wp-caption-text\">z37 randlose holografische Regenbogenfolie f\u00fcr Haustiere<\/figcaption><\/figure>\n<hr \/>\n<h2>FAQ Highlights (vollst\u00e4ndiger Leitfaden auf Anfrage erh\u00e4ltlich)<\/h2>\n<p class=\"ds-markdown-paragraph\">Kann es laminiert werden?Ja, optimiert f\u00fcr die Laminierung von Papier\/Kartenmaterial, um hochwertige Verpackungen zu verbessern.<\/p>\n<p class=\"ds-markdown-paragraph\">Absolut, die glatte Oberfl\u00e4che eignet sich perfekt f\u00fcr den UV-Druck, ohne den holografischen Effekt zu beeintr\u00e4chtigen.<\/p>\n<p class=\"ds-markdown-paragraph\">Feuchtigkeitsbarriere? ja, sch\u00fctzt effektiv vor Wasserdampf und bewahrt die Frische des Produkts.<\/p>\n<p class=\"ds-markdown-paragraph\">Umweltfreundlich?100%-gr\u00fcne Materialien mit geringem Kohlenstoff-Fu\u00dfabdruck.<\/p>\n<p class=\"ds-markdown-paragraph\">Was ist der Unterschied zwischen Z37 und Z06?Z37 hat ein silbernes Regenbogendesign (\u00e4hnlich wie K Laser), w\u00e4hrend Z06 das K Laser D38 Design verwendet; die maximale Breite ist unterschiedlich (830mm vs. 930mm), um verschiedenen Produktionsanforderungen gerecht zu werden.Z06=standardm\u00e4\u00dfiger nahtloser Regenbogen;Z37=heller, gl\u00e4nzender, hochwertiger nahtloser Regenbogen (gleiche Gr\u00f6\u00dfe\/Dicke Optionen).<\/p>\n<figure id=\"attachment_580\" aria-describedby=\"caption-attachment-580\" style=\"width: 800px\" class=\"wp-caption alignnone\"><img loading=\"lazy\" decoding=\"async\" class=\"size-full wp-image-580\" src=\"https:\/\/www.ywjunchi.com\/wp-content\/uploads\/2026\/03\/010-4.jpg\" alt=\"z37 randlose holografische Regenbogenfolie f\u00fcr Haustiere\" width=\"800\" height=\"800\" srcset=\"https:\/\/www.ywjunchi.com\/wp-content\/uploads\/2026\/03\/010-4.jpg 800w, https:\/\/www.ywjunchi.com\/wp-content\/uploads\/2026\/03\/010-4-300x300.jpg 300w, https:\/\/www.ywjunchi.com\/wp-content\/uploads\/2026\/03\/010-4-100x100.jpg 100w, https:\/\/www.ywjunchi.com\/wp-content\/uploads\/2026\/03\/010-4-600x600.jpg 600w, https:\/\/www.ywjunchi.com\/wp-content\/uploads\/2026\/03\/010-4-150x150.jpg 150w, https:\/\/www.ywjunchi.com\/wp-content\/uploads\/2026\/03\/010-4-768x768.jpg 768w\" sizes=\"(max-width: 800px) 100vw, 800px\" \/><figcaption id=\"caption-attachment-580\" class=\"wp-caption-text\">z37 randlose holografische Regenbogenfolie f\u00fcr Haustiere<\/figcaption><\/figure>\n<hr \/>\n<p class=\"ds-markdown-paragraph\">F\u00fcr die hochwertige nahtlose holografische Z37-PET-Folie, die Silberregenbogen-Luxus, erstklassige Leistung und F\u00e4lschungsschutz miteinander verbindet, bieten wir Ihnen als Partner von YWJUNCHI authentische, kosteneffiziente Gesch\u00e4ftsl\u00f6sungen, die auf Ihre Branchenanforderungen zugeschnitten sind.<\/p>","protected":false},"excerpt":{"rendered":"<p>Z37 nahtlose Regenbogen Haustier Hologramm Film, Dicke 16 Mikron, maximale Breite 830mm.Z37 ist mehr Helligkeit silberne Farbe Regenbogen holographische design.lamination und \u00dcbertragung holographische Folie.<\/p>","protected":false},"featured_media":577,"comment_status":"open","ping_status":"closed","template":"","meta":[],"product_brand":[],"product_cat":[17],"product_tag":[43,44,33,42,39],"class_list":{"0":"post-180","1":"product","2":"type-product","3":"status-publish","4":"has-post-thumbnail","6":"product_cat-holographic-film","7":"product_tag-holographic-lamination-film","8":"product_tag-holographic-transfer-film","9":"product_tag-seamless-pet-holographic-film","10":"product_tag-true-seamless-similiar-color-raibow-hologram-film","11":"product_tag-z37-rainbow-pet-hologram-film","13":"first","14":"instock","15":"shipping-taxable","16":"product-type-simple"},"_links":{"self":[{"href":"https:\/\/www.ywjunchi.com\/de\/wp-json\/wp\/v2\/product\/180","targetHints":{"allow":["GET"]}}],"collection":[{"href":"https:\/\/www.ywjunchi.com\/de\/wp-json\/wp\/v2\/product"}],"about":[{"href":"https:\/\/www.ywjunchi.com\/de\/wp-json\/wp\/v2\/types\/product"}],"replies":[{"embeddable":true,"href":"https:\/\/www.ywjunchi.com\/de\/wp-json\/wp\/v2\/comments?post=180"}],"wp:featuredmedia":[{"embeddable":true,"href":"https:\/\/www.ywjunchi.com\/de\/wp-json\/wp\/v2\/media\/577"}],"wp:attachment":[{"href":"https:\/\/www.ywjunchi.com\/de\/wp-json\/wp\/v2\/media?parent=180"}],"wp:term":[{"taxonomy":"product_brand","embeddable":true,"href":"https:\/\/www.ywjunchi.com\/de\/wp-json\/wp\/v2\/product_brand?post=180"},{"taxonomy":"product_cat","embeddable":true,"href":"https:\/\/www.ywjunchi.com\/de\/wp-json\/wp\/v2\/product_cat?post=180"},{"taxonomy":"product_tag","embeddable":true,"href":"https:\/\/www.ywjunchi.com\/de\/wp-json\/wp\/v2\/product_tag?post=180"}],"curies":[{"name":"wp","href":"https:\/\/api.w.org\/{rel}","templated":true}]}}