{"id":169,"date":"2026-03-17T09:08:08","date_gmt":"2026-03-17T09:08:08","guid":{"rendered":"https:\/\/www.ywjunchi.com\/?post_type=product&#038;p=169"},"modified":"2026-05-01T07:44:14","modified_gmt":"2026-05-01T07:44:14","slug":"z06-haustier-hologramm-folie","status":"publish","type":"product","link":"https:\/\/www.ywjunchi.com\/de\/product\/z06-pet-hologram-film\/","title":{"rendered":"Z06 Haustier-Hologramm-Folie"},"content":{"rendered":"<h2><strong>Z06 PET Regenbogen Nahtlose Hologrammfolie<\/strong><\/h2>\n<p>Z06 Serie Regenbogen holographisches Design, K Laser D38 Master.<\/p>\n<p>Maximale Breite:930mm<\/p>\n<p class=\"ds-markdown-paragraph\">YWJUNCHI ist seit mehr als zwei Jahrzehnten in der Branche t\u00e4tig und hat sich auf die Entwicklung von nahtlosen holografischen PET-Folien spezialisiert, die den Anforderungen und Erwartungen der Kunden entsprechen und umweltfreundlich sind.<\/p>\n<p class=\"ds-markdown-paragraph\">YWJUNCHI PET Holographic Film gilt in der Verpackung, dass ein Unternehmen die Marke f\u00f6rdert.es kann bilden, f\u00fcllen und versiegeln Rollenware Verpackung oder vorgefertigte flexible Beutel mit holographischen Folien verklebt zu versiegeln.es ist auch ideal f\u00fcr die Verbraucher-Verpackung, sowie Spezialit\u00e4t Geschenk-Boxen und Handtaschen k\u00f6nnen durch Laminieren sie auf Papier oder Karton gemacht werden.<\/p>\n<p class=\"ds-markdown-paragraph\">Unser professionelles Produktionsteam pr\u00fcft die Qualit\u00e4t Ihrer holografischen PET-Folie regelm\u00e4\u00dfig, um ihre Stabilit\u00e4t und Zuverl\u00e4ssigkeit zu bewerten.YWJUNCHI ist in China ein bekannter Hersteller und Lieferant von holografischen PET-Folien.<\/p>\n<hr \/>\n<h2>Produktmerkmale und Vorteile<\/h2>\n<p><strong>Z06 PET Rainbow Seamless Hologram Film, anderer Name: CP01, CHD38, CPKZ, SA06.<\/strong><\/p>\n<table>\n<thead>\n<tr>\n<th align=\"left\">Parameter<\/th>\n<th align=\"left\">Einzelheiten<\/th>\n<\/tr>\n<\/thead>\n<tbody>\n<tr>\n<td align=\"left\">Modell<\/td>\n<td align=\"left\">Z06<\/td>\n<\/tr>\n<tr>\n<td align=\"left\">Material<\/td>\n<td align=\"left\">PET (Polyethylenterephthalat), umweltfreundlich, formstabil<\/td>\n<\/tr>\n<tr>\n<td align=\"left\">Gestaltung<\/td>\n<td align=\"left\"><strong>Regenbogen nahtlos holografisch<\/strong> (keine Mustern\u00e4hte, schillernde Farbver\u00e4nderung je nach Betrachtungswinkel\/Licht, erzielt durch Pr\u00e4zisions-UV-Pr\u00e4gung)<\/td>\n<\/tr>\n<tr>\n<td align=\"left\">Maximale Breite<\/td>\n<td align=\"left\">930 mm<\/td>\n<\/tr>\n<tr>\n<td align=\"left\">Dickenoptionen<\/td>\n<td align=\"left\">16 \u03bcm (d\u00fcnn, flexibel, geeignet f\u00fcr Hochgeschwindigkeitsdruck\/Laminierung); 50 \u03bcm (dicker, stabiler, besser f\u00fcr eigenst\u00e4ndige Verpackungen\/Dekorationen)<\/td>\n<\/tr>\n<tr>\n<td align=\"left\">Standard-Rollenl\u00e4nge<\/td>\n<td align=\"left\">3000 m\/Rolle, 6000 m\/Rolle<\/td>\n<\/tr>\n<tr>\n<td align=\"left\">Kern<\/td>\n<td align=\"left\">Normalerweise 3-Zoll- oder 6-Zoll-Papierkern f\u00fcr Kompatibilit\u00e4t mit industriellen Schneide-\/Druckmaschinen<\/td>\n<\/tr>\n<\/tbody>\n<\/table>\n<h3>Wesentliche Merkmale<\/h3>\n<p>1, Nahtloser Regenbogeneffekt: Keine sich wiederholenden Musterunterbrechungen, hoher Glanz und visueller Reiz.<\/p>\n<p>2, Vorteile von PET: Ausgezeichnete Zugfestigkeit, chemische Best\u00e4ndigkeit, Temperaturstabilit\u00e4t, recycelbar, lebensmitteltauglich (erf\u00fcllt bei ordnungsgem\u00e4\u00dfer Verarbeitung die einschl\u00e4gigen Normen).<\/p>\n<p>3, Verarbeitbarkeit: Bedruckbar (UV, Offset, Flexo), beschichtbar, laminierbar, w\u00e4rme\u00fcbertragbar; gute Farbhaftung und Stanzleistung.<\/p>\n<p>4, F\u00e4lschungssicherheit: Die einzigartige holografische Struktur ist schwer zu kopieren und wird oft als Sicherheitselement in hochwertigen Verpackungen verwendet.<\/p>\n<p>5, Silber metallisierte Farbe, ZNS transparente Farbe m\u00f6glich.<\/p>\n<h3>Typische Anwendungen<\/h3>\n<p>Premium-Verpackungen: Kosmetikschachteln, Weinetiketten, Geschenkschachteln, Zigarettenschachteln, Lebensmittelverpackungen (insbesondere hochwertige S\u00fc\u00dfwaren\/Schokolade)<\/p>\n<p>Druck und Laminierung: Papier-\/Kartenlaminierung, Veredelung von Plakaten\/Werbematerial, Buchumschl\u00e4ge<\/p>\n<p>Dekoration und Kunsthandwerk: Textile W\u00e4rme\u00fcbertragung, Briefpapier, Urlaubsdekoration, Sicherheitsaufkleber<\/p>\n<p>Industrielle Anwendungen:Holografische Hei\u00dfpr\u00e4gefolie, f\u00e4lschungssichere Etiketten<\/p>\n<h3>Physikalische &amp; Handhabungshinweise<\/h3>\n<p>Lagerung: In einer trockenen, k\u00fchlen und staubfreien Umgebung aufbewahren (20\u00b15\u00b0C, RH 50\u00b110%), direktes Sonnenlicht und hohe Luftfeuchtigkeit vermeiden, um Verformungen oder eine Verschlechterung des Musters zu vermeiden.<\/p>\n<p>Verarbeitungstemperatur: Geeignet f\u00fcr Kaltlaminierung; bei Hei\u00dflaminierung\/-bedruckung Temperatur kontrollieren, um PET-Schrumpfung zu vermeiden (typischerweise \u226480\u00b0C f\u00fcr d\u00fcnne 16\u03bcm-Folie).<\/p>\n<p>Rollengewicht: Berechenbar anhand der Abmessungen (z.B. 930mm Breite\u00d73000m L\u00e4nge\u00d716\u03bcm Dicke: PET-Dichte ~1,38g\/cm\u00b3, Nettogewicht kann f\u00fcr die Logistikplanung gesch\u00e4tzt werden).<\/p>\n<h3>Holographische PET-Folie Merkmale<\/h3>\n<p class=\"ds-markdown-paragraph\">Holografischer Effekt, Hochglanz.<\/p>\n<p class=\"ds-markdown-paragraph\">Die Oberfl\u00e4che ist glatt und transparent.<\/p>\n<p class=\"ds-markdown-paragraph\">Hervorragende Leistung bei der Farbbefestigung.<\/p>\n<p class=\"ds-markdown-paragraph\">Hervorragende Klebekraft.<\/p>\n<p class=\"ds-markdown-paragraph\">Es bleibt auch bei hohen Temperaturen stabil.<\/p>\n<p class=\"ds-markdown-paragraph\">Wir k\u00f6nnen die Wirksamkeit unserer Produkte mit unserem betr\u00e4chtlichen Fachwissen und unseren Kenntnissen verbessern, so dass Sie genauere L\u00f6sungen erhalten, und wir k\u00f6nnen die entsprechende holografische PET-Folie herstellen, die Ihren Anforderungen entspricht.<\/p>\n<p class=\"ds-markdown-paragraph\">Wir achten sehr auf die Qualit\u00e4t unserer holografischen PET-Folie und werben erfolgreich f\u00fcr ihre \u00fcberlegenen F\u00e4higkeiten und Vorteile.<\/p>\n<p><strong>Nahtloses vs. gemustertes Hologramm<\/strong>Im Gegensatz zu Filmen mit periodisch wiederkehrenden Mustern bietet die nahtlose Holografie eine gr\u00f6\u00dfere, ununterbrochene visuelle Oberfl\u00e4che, die sich ideal f\u00fcr gro\u00dffl\u00e4chige Verpackungen\/Drucke eignet, um Probleme mit der Musterausrichtung zu vermeiden.<\/p>\n<p><strong>Auswahl der Dicke<\/strong>16\u03bcm ist kosteng\u00fcnstig und leicht und eignet sich f\u00fcr die Laminierung von Etiketten und die Hochgeschwindigkeitsverarbeitung; 50\u03bcm bietet eine h\u00f6here Steifigkeit und bessere Haltbarkeit und wird f\u00fcr Anwendungen bevorzugt, die eine eigenst\u00e4ndige Folienst\u00e4rke erfordern.<\/p>\n<p><strong>Personalisierung<\/strong>Viele Hersteller k\u00f6nnen Breite und L\u00e4nge anpassen oder Oberfl\u00e4chenbehandlungen (z. B. antistatisch, matte Beschichtung, selbstklebende R\u00fcckseite) je nach Auftragslage und vorbehaltlich der MOQ-Bedingungen hinzuf\u00fcgen.<\/p>\n<h3>Vorteile der holografischen PET-Folie<\/h3>\n<p class=\"ds-markdown-paragraph\">Attraktives Aussehen mit maximaler Klarheit.<\/p>\n<p class=\"ds-markdown-paragraph\">Gl\u00e4nzende und gl\u00e4nzende holografische Effekte mit bemerkenswerter Helligkeit und Glanz.<\/p>\n<p class=\"ds-markdown-paragraph\">Hohe Klebekraft, Hitzebest\u00e4ndigkeit und Wasserbest\u00e4ndigkeit.<\/p>\n<p class=\"ds-markdown-paragraph\">Die einfarbigen, hellen Strahlen und Muster sind in einer Vielzahl von Farben und Designs erh\u00e4ltlich.<\/p>\n<p class=\"ds-markdown-paragraph\">Die Kunden k\u00f6nnen aus einer Vielzahl von Layouts w\u00e4hlen und auch ihre eigenen erstellen.<\/p>\n<p class=\"ds-markdown-paragraph\">Es eignet sich f\u00fcr hochwertige Imitationszwecke.<\/p>\n<hr \/>\n<h2>Warum YWJUNCHI w\u00e4hlen<\/h2>\n<p class=\"ds-markdown-paragraph\">Wenn Sie ein H\u00e4ndler, Hersteller oder Gesch\u00e4ftsinhaber sind, ist YWJUNCHI immer die beste Option, wenn es darum geht, eine zuverl\u00e4ssige holografische PET-Folie zu importieren, und wir k\u00f6nnen Ihnen eine Vielzahl von holografischen PET-Foliendesigns zur Auswahl anbieten.<\/p>\n<p class=\"ds-markdown-paragraph\">Wenn Sie eine holografische PET-Folie f\u00fcr das Wachstum Ihres Unternehmens ben\u00f6tigen, ist YWJUNCHI die sicherste Option.<\/p>\n<p class=\"ds-markdown-paragraph\">YWJUNCHI verpflichtet sich, qualitativ hochwertige Produkte und einen au\u00dfergew\u00f6hnlichen Kundenservice anzubieten und ermutigt sowohl neue als auch bestehende Kunden, langfristige Gesch\u00e4ftsbeziehungen mit uns aufzubauen, um eine gl\u00e4nzende Zukunft zu schaffen.<\/p>\n<hr \/>\n<h2>Umfassender FAQ-Leitfaden<\/h2>\n<h3>PET-Holografie-Folie: Der ultimative FAQ-Leitfaden<\/h3>\n<p class=\"ds-markdown-paragraph\">Ich wei\u00df, dass die Wahl einer hochwertigen holografischen PET-Folie eine schwierige Aufgabe sein kann.<\/p>\n<p class=\"ds-markdown-paragraph\">Aus diesem Grund erfahren Sie in diesem Leitfaden alles, was Sie \u00fcber holografische PET-Folien wissen m\u00fcssen, wie z. B. Merkmale, Vorteile, Verwendungszwecke und Dicke, um nur einige zu nennen.<\/p>\n<p class=\"ds-markdown-paragraph\">Bevor Sie also Ihre n\u00e4chste holografische PET-Folie ausw\u00e4hlen, lesen Sie diesen Leitfaden.<\/p>\n<p class=\"ds-markdown-paragraph\"><strong>Was ist eine holografische PET-Folie?<\/strong><br \/>\n<strong>Wo wird holografische PET-Folie verwendet?<\/strong><br \/>\n<strong>Kann holografische PET-Folie laminiert werden?<\/strong><br \/>\n<strong>Was ist nahtlose regenbogenfarbene PET-Hologrammfolie?<\/strong><br \/>\n<strong>Was sind die Vorteile der Verwendung von holografischer PET-Folie?<\/strong><br \/>\n<strong>Welches Material wird bei der Herstellung holografischer PET-Folien verwendet?<\/strong><br \/>\n<strong>Kann man UV-Druck auf holografische PET-Folie machen?<\/strong><br \/>\n<strong>Was ist der Unterschied zwischen holografischer PET-Folie und BOPET-Folie?<\/strong><br \/>\n<strong>Ist die holografische PET-Folie eine Feuchtigkeitsbarriere?<\/strong><br \/>\n<strong>Wie wird die holografische PET-Folie verpackt?<\/strong><br \/>\n<strong>Was sind die Merkmale der holografischen PET-Folie?<\/strong><br \/>\n<strong>Welche sind die verf\u00fcgbaren Dickenoptionen der holografischen PET-Folie?<\/strong><br \/>\n<strong>Welche physikalischen und mechanischen Eigenschaften hat die holografische PET-Folie?<\/strong><br \/>\n<strong>Ist die holografische PET-Folie in verschiedenen Farben erh\u00e4ltlich?<\/strong><br \/>\n<strong>Welche Faktoren sind bei der Auswahl einer holografischen PET-Folie zu beachten?<\/strong><br \/>\n<strong>Wie viel kostet eine holografische PET-Folie?<\/strong><br \/>\n<strong>Ist die holografische PET-Folie umweltvertr\u00e4glich?<\/strong><br \/>\n<strong>Was sind die Nachteile der holografischen PET-Folie?<\/strong><br \/>\n<strong>Welche Methoden gibt es f\u00fcr die Aufbewahrung von holografischem PET-Film?<\/strong><br \/>\n<strong>Ist die holografische PET-Folie in verschiedenen Gr\u00f6\u00dfen erh\u00e4ltlich?<\/strong><br \/>\n<strong>Gibt es Vorschriften, denen die holografische PET-Folie entsprechen sollte?<\/strong><br \/>\n<strong>Welche Konvertierungsdienste k\u00f6nnen Hersteller f\u00fcr holografische PET-Folien anbieten?<\/strong><br \/>\n<strong>Welche Qualit\u00e4tsstandards sollten f\u00fcr holografische PET-Folien gelten?<\/strong><br \/>\n<strong>Welche Sorten von holografischen PET-Folien sind erh\u00e4ltlich?<\/strong><br \/>\n<strong>Wie sollten holografische PET-Folien gehandhabt werden?<\/strong><\/p>\n<hr \/>\n<h2>Anwendungen<\/h2>\n<p class=\"ds-markdown-paragraph\">Hochwertige holografische Folie f\u00fcr Haustiere wird von den Endverbrauchern verwendet, z. B. zur Herstellung von Tabakverpackungen, Maskenboxen, Kosmetikboxen usw.<\/p>\n<p>Nahtlose Z06 holografische PVC-Folie kann f\u00fcr Hologramm-Aufkleber, Etiketten, Karten usw. verwendet werden.<\/p>\n<hr \/>\n<h2>Informationen zum Markt<\/h2>\n<h3>Wachstum der Industrie<\/h3>\n<p class=\"ds-markdown-paragraph\">Holografische Folien werden gerne zur Produktkennzeichnung in der Lebensmittel- und Getr\u00e4nkeindustrie verwendet, und die Druckindustrie, insbesondere die Anwendung des Digitaldrucks, wird das Marktwachstum f\u00fcr holografische Folien w\u00e4hrend des Prognosezeitraums dominieren, so dass mit der zunehmenden Verwendung holografischer Folien in einer Vielzahl von Endverbraucherindustrien der Markt voraussichtlich einen Wachstumspfad er\u00f6ffnen wird.<\/p>\n<p class=\"ds-markdown-paragraph\">Es wird erwartet, dass der Markt f\u00fcr holografische Folien wachsen wird, da das Bewusstsein f\u00fcr die Vorteile der Verwendung holografischer Folien zunimmt und die verst\u00e4rkte Pr\u00e4senz und der Markenschutz von Verbrauchermaterialien den Marktwert erh\u00f6hen werden.<\/p>\n<p class=\"ds-markdown-paragraph\">Mit der zunehmenden Einf\u00fchrung von f\u00e4lschungssicheren Verpackungsfolien durch gro\u00dfe Unternehmen werden sich f\u00fcr die Marktteilnehmer im Prognosezeitraum von 2022 bis 2029 Gewinnchancen ergeben. Dar\u00fcber hinaus wird erwartet, dass die Hersteller immer intensiver in die Entwicklung weiterer holografischer Folien investieren werden, um das k\u00fcnftige Wachstum des Marktes f\u00fcr holografische transparente Projektionsfolien zu steigern.<\/p>\n<h3>\u00c4nderung des Preises<\/h3>\n<p class=\"ds-markdown-paragraph\">Die Ver\u00e4nderung der Preise f\u00fcr die zur Herstellung von Hologrammfolien ben\u00f6tigten Rohstoffe wie Polyethylenterephthalat (PET), Polyethylen (PE) und Polypropylen (PP) sowie die Ver\u00e4nderung des Roh\u00f6lpreises wirken sich direkt auf die Folienproduktion aus, so dass das Roh\u00f6l aus Erd\u00f6l hergestellt wird und das Marktwachstum von holografischen Projektionsfolien w\u00e4hrend des Prognosezeitraums begrenzt sein d\u00fcrfte.<\/p>\n<h3>Empfindliche und teure Lasergestaltungsanlagen<\/h3>\n<p class=\"ds-markdown-paragraph\">Da die Ausr\u00fcstung f\u00fcr holografische Filme sehr anspruchsvoll und teuer ist und die Laborbedingungen die Expansion der holografischen Filmindustrie behindern, wird das Wachstum des Marktes f\u00fcr holografische Projektionsfilme w\u00e4hrend des Prognosezeitraums gehemmt.<\/p>","protected":false},"excerpt":{"rendered":"<p>Z06 rainbow pet holographic film, Dicke 16 micron, maximale Breite 930mm.<\/p>","protected":false},"featured_media":371,"comment_status":"open","ping_status":"closed","template":"","meta":[],"product_brand":[],"product_cat":[17],"product_tag":[70,69,71,32,41,72,33,39],"class_list":{"0":"post-169","1":"product","2":"type-product","3":"status-publish","4":"has-post-thumbnail","6":"product_cat-holographic-film","7":"product_tag-chd38","8":"product_tag-cp01","9":"product_tag-cpkz","10":"product_tag-pet-hologram-film","11":"product_tag-rainbow-pet-holographic-film","12":"product_tag-sa06","13":"product_tag-seamless-pet-holographic-film","14":"product_tag-z37-rainbow-pet-hologram-film","16":"first","17":"instock","18":"shipping-taxable","19":"product-type-simple"},"_links":{"self":[{"href":"https:\/\/www.ywjunchi.com\/de\/wp-json\/wp\/v2\/product\/169","targetHints":{"allow":["GET"]}}],"collection":[{"href":"https:\/\/www.ywjunchi.com\/de\/wp-json\/wp\/v2\/product"}],"about":[{"href":"https:\/\/www.ywjunchi.com\/de\/wp-json\/wp\/v2\/types\/product"}],"replies":[{"embeddable":true,"href":"https:\/\/www.ywjunchi.com\/de\/wp-json\/wp\/v2\/comments?post=169"}],"wp:featuredmedia":[{"embeddable":true,"href":"https:\/\/www.ywjunchi.com\/de\/wp-json\/wp\/v2\/media\/371"}],"wp:attachment":[{"href":"https:\/\/www.ywjunchi.com\/de\/wp-json\/wp\/v2\/media?parent=169"}],"wp:term":[{"taxonomy":"product_brand","embeddable":true,"href":"https:\/\/www.ywjunchi.com\/de\/wp-json\/wp\/v2\/product_brand?post=169"},{"taxonomy":"product_cat","embeddable":true,"href":"https:\/\/www.ywjunchi.com\/de\/wp-json\/wp\/v2\/product_cat?post=169"},{"taxonomy":"product_tag","embeddable":true,"href":"https:\/\/www.ywjunchi.com\/de\/wp-json\/wp\/v2\/product_tag?post=169"}],"curies":[{"name":"wp","href":"https:\/\/api.w.org\/{rel}","templated":true}]}}