{"id":27,"date":"2026-03-17T01:08:14","date_gmt":"2026-03-17T01:08:14","guid":{"rendered":"https:\/\/www.ywjunchi.com\/?page_id=27"},"modified":"2026-04-09T01:55:58","modified_gmt":"2026-04-09T01:55:58","slug":"uber-uns","status":"publish","type":"page","link":"https:\/\/www.ywjunchi.com\/de\/about-us\/","title":{"rendered":"\u00dcber uns"},"content":{"rendered":"<div data-elementor-type=\"wp-page\" data-elementor-id=\"27\" class=\"elementor elementor-27\" data-elementor-post-type=\"page\">\n\t\t\t\t<div class=\"elementor-element elementor-element-3ff2929d e-flex e-con-boxed e-con e-parent\" data-id=\"3ff2929d\" data-element_type=\"container\" data-e-type=\"container\" data-settings=\"{&quot;background_background&quot;:&quot;classic&quot;}\">\n\t\t\t\t\t<div class=\"e-con-inner\">\n\t\t\t\t<div class=\"elementor-element elementor-element-70a2105d elementor-widget elementor-widget-woocommerce-breadcrumb\" data-id=\"70a2105d\" data-element_type=\"widget\" data-e-type=\"widget\" data-widget_type=\"woocommerce-breadcrumb.default\">\n\t\t\t\t\t<nav class=\"woocommerce-breadcrumb\" aria-label=\"Breadcrumb\" data-no-translation=\"\" data-trp-gettext=\"\">Startseite<\/nav>\t\t\t\t<\/div>\n\t\t\t\t\t<\/div>\n\t\t\t\t<\/div>\n\t\t<div class=\"elementor-element elementor-element-fc355db e-flex e-con-boxed e-con e-parent\" data-id=\"fc355db\" data-element_type=\"container\" data-e-type=\"container\">\n\t\t\t\t\t<div class=\"e-con-inner\">\n\t\t<div class=\"elementor-element elementor-element-40a002c e-con-full e-flex e-con e-child\" data-id=\"40a002c\" data-element_type=\"container\" data-e-type=\"container\">\n\t\t\t\t<div class=\"elementor-element elementor-element-ac5ff83 elementor-widget elementor-widget-image\" data-id=\"ac5ff83\" data-element_type=\"widget\" data-e-type=\"widget\" data-widget_type=\"image.default\">\n\t\t\t\t\t\t\t\t\t\t\t\t\t\t\t<img fetchpriority=\"high\" decoding=\"async\" width=\"800\" height=\"600\" src=\"https:\/\/www.ywjunchi.com\/wp-content\/uploads\/2026\/03\/Hard-press-machine-1024x768.jpg\" class=\"attachment-large size-large wp-image-105\" alt=\"Harte Pressmaschine\" srcset=\"https:\/\/www.ywjunchi.com\/wp-content\/uploads\/2026\/03\/Hard-press-machine-1024x768.jpg 1024w, https:\/\/www.ywjunchi.com\/wp-content\/uploads\/2026\/03\/Hard-press-machine-600x450.jpg 600w, https:\/\/www.ywjunchi.com\/wp-content\/uploads\/2026\/03\/Hard-press-machine-300x225.jpg 300w, https:\/\/www.ywjunchi.com\/wp-content\/uploads\/2026\/03\/Hard-press-machine-768x576.jpg 768w, https:\/\/www.ywjunchi.com\/wp-content\/uploads\/2026\/03\/Hard-press-machine.jpg 1500w\" sizes=\"(max-width: 800px) 100vw, 800px\" \/>\t\t\t\t\t\t\t\t\t\t\t\t\t\t\t<\/div>\n\t\t\t\t<div class=\"elementor-element elementor-element-dccc4ba elementor-widget elementor-widget-text-editor\" data-id=\"dccc4ba\" data-element_type=\"widget\" data-e-type=\"widget\" data-widget_type=\"text-editor.default\">\n\t\t\t\t\t\t\t\t\t<p><strong>Yiwu Junchi Verpackungsmaterial Firma<\/strong> Als integriertes Unternehmen mit Produktions- und Handelskapazit\u00e4ten beliefern wir internationale Marken aus den Bereichen Elektronik, Kosmetik, Lebensmittel und Getr\u00e4nke sowie Luxusg\u00fcter und liefern ma\u00dfgeschneiderte Verpackungsl\u00f6sungen, die Funktionalit\u00e4t, \u00c4sthetik und Nachhaltigkeit miteinander verbinden.<\/p><p>Unsere Produktpalette ist so konzipiert, dass sie den unterschiedlichen Anforderungen der Industrie gerecht wird, und zwar unter Einhaltung globaler Standards und modernster Fertigungsverfahren:<\/p><p><strong><b>Nahtlose holografische PET-Folie<\/b><\/strong><\/p><p>1.360\u00b0 holografischer Effekt, nahtlose Musterkontinuit\u00e4t (\u00fcber 300 anpassbare Designs), UV-bedruckbare Oberfl\u00e4che und Einhaltung der GBT 23808-2009-Normen f\u00fcr holografische Folien. Die Beschichtungsdicke wird f\u00fcr optimale Haltbarkeit (\u22654B Haftfestigkeit) und stereoskopischen 3D-Effekt pr\u00e4zise auf 3-5\u03bcm gesteuert.<\/p><p>2 Anwendungen: Zigaretten-\/Kosmetikverpackungen, f\u00e4lschungssichere Markenetiketten und hochwertige Produktverpackungen, kosteneffiziente Nasslaminierungskompatibilit\u00e4t und eine Produktionskapazit\u00e4t von 300.000 Metern\/Tag.<\/p><p><strong><b>Holografische PVC-Folie<\/b><\/strong><\/p><p>1. feuchtigkeitsbest\u00e4ndig, UV-Schutz und ausgezeichnete Schrumpfbarkeit. entwickelt f\u00fcr Festigkeit und Dimensionsstabilit\u00e4t, mit einer Oberfl\u00e4chenh\u00e4rte von \u22653H. entspricht den internationalen Vorschriften f\u00fcr PVC-Verpackungsmaterial hinsichtlich Sicherheit und Umweltvertr\u00e4glichkeit.<\/p><p>2 Anwendungen: Verpackungen f\u00fcr elektronische Bauteile, Logistikverpackungen und dekorative Anwendungen, die staubdichte und sto\u00dffeste Eigenschaften erfordern.<\/p><p><strong><b>Holografisches Papier<\/b><\/strong><\/p><p>1. mehrdimensionale, lichtreflektierende Muster, nachhaltige Materialzusammensetzung und kein \u00fcberm\u00e4\u00dfiger Tintenverbrauch - im Einklang mit globalen gr\u00fcnen Verpackungstrends. erh\u00e4ltlich in Transfer- und Komposit-Varianten, um Markenschutz und dekorative Anforderungen zu erf\u00fcllen.<\/p><p>2. marktposition: Unsere Produkte sind auf dem weltweiten Markt f\u00fcr holografisches Papier mit einem Volumen von $1,2 Mrd. (prognostiziertes CAGR 9,2% bis 2033) sehr gefragt in Asien-Pazifik, Nordamerika und Europa.<\/p>\t\t\t\t\t\t\t\t<\/div>\n\t\t\t\t<div class=\"elementor-element elementor-element-9e83cd9 elementor-widget elementor-widget-button\" data-id=\"9e83cd9\" data-element_type=\"widget\" data-e-type=\"widget\" data-widget_type=\"button.default\">\n\t\t\t\t\t\t\t\t\t\t<a class=\"elementor-button elementor-button-link elementor-size-sm elementor-animation-grow\" href=\"https:\/\/www.ywjunchi.com\/de\/contact-us\/\">\n\t\t\t\t\t\t<span class=\"elementor-button-content-wrapper\">\n\t\t\t\t\t\t\t\t\t<span class=\"elementor-button-text\">Angebot einholen<\/span>\n\t\t\t\t\t<\/span>\n\t\t\t\t\t<\/a>\n\t\t\t\t\t\t\t\t<\/div>\n\t\t\t\t<\/div>\n\t\t<div class=\"elementor-element elementor-element-cf0b22e e-con-full e-flex e-con e-child\" data-id=\"cf0b22e\" data-element_type=\"container\" data-e-type=\"container\">\n\t\t\t\t<div class=\"elementor-element elementor-element-248640e elementor-widget elementor-widget-text-editor\" data-id=\"248640e\" data-element_type=\"widget\" data-e-type=\"widget\" data-widget_type=\"text-editor.default\">\n\t\t\t\t\t\t\t\t\t<p><strong><b>Metallisierte Folie<\/b><\/strong><\/p><p>1. hergestellt mittels fortschrittlicher PVD-Technologie (Physical Vapor Deposition), mit gleichm\u00e4\u00dfiger Aluminiumbeschichtung (0,5 \u00b5m Dicke) f\u00fcr ein gl\u00e4nzendes metallisches Finish, verbessert durch Vorstreck- und Staubentfernungsprozesse, die die Ebenheit der Oberfl\u00e4che und die Haftung der Beschichtung gew\u00e4hrleisten.<\/p><p>2 Anwendungen: Lebensmittelkonservierung (Barriere gegen Sauerstoff\/Feuchtigkeit), Isoliermaterialien und elektronische Verpackungen (antistatische Eigenschaften); bietet eine leichte, kosteng\u00fcnstige Alternative zu Aluminiumfolie.<\/p><p><strong><b>Regenbogen-Film<\/b><\/strong><\/p><p>1. Substrat auf PET-Basis (0,1 mm\u00b10,01 mm dick) mit irisierenden Farbt\u00f6nen (vorwiegend Magenta), die sich unter Lichteinwirkung verst\u00e4rken. Kratzfeste Oberfl\u00e4che (\u22653H), einfache Nassinstallation und Kompatibilit\u00e4t mit Laserschnitt f\u00fcr dekorative Totems oder Kristallbuchstaben.<\/p><p>2 Anwendungen: Innendekoration (Glas-\/Acryloberfl\u00e4chen), Einzelhandelsdisplays und Werbeverpackungen, die kommerziellen R\u00e4umen und Produkten einen lebendigen, auff\u00e4lligen Reiz verleihen.<\/p><p>Herstellung und Qualit\u00e4tssicherung<\/p><p>Ausstattung: Ausgestattet mit automatisierten Produktionslinien, einschlie\u00dflich Pr\u00e4zisionsmetallisierungssystemen (Vorintegration + Aufdampfung) und holografischen Pr\u00e4gemaschinen, unterhalten wir eine langfristige technische Zusammenarbeit mit Chinas Anti-Static Quality Supervision Center f\u00fcr Produkttests und Zertifizierung.<\/p><p>Qualit\u00e4tsverpflichtung: Alle Produkte werden strengen Kontrollen auf Schrumpfung (\u22641mm), Transparenz (\u226512% Lichtdurchl\u00e4ssigkeit f\u00fcr Regenbogenfolien) und Klebekraft (1200-1600g\/inch f\u00fcr Regenbogenfolien) unterzogen Unsere \u201ckundenorientierte\u201d Philosophie gew\u00e4hrleistet eine p\u00fcnktliche Lieferung und einen reaktionsschnellen Kundendienst.<\/p><p>Globale Zusammenarbeit &amp; Vision<\/p><p>Mit Exportkapazit\u00e4ten in \u00fcber 50 L\u00e4ndern setzen wir auf gleichberechtigten (beiderseitigen Nutzen) und ma\u00dfgeschneiderten Service - wir nehmen OEM\/ODM-Auftr\u00e4ge an und bieten technische Unterst\u00fctzung bei der Anwendungsintegration.<\/p>\t\t\t\t\t\t\t\t<\/div>\n\t\t\t\t<div class=\"elementor-element elementor-element-c17690a elementor-widget elementor-widget-image\" data-id=\"c17690a\" data-element_type=\"widget\" data-e-type=\"widget\" data-widget_type=\"image.default\">\n\t\t\t\t\t\t\t\t\t\t\t\t\t\t\t<img decoding=\"async\" width=\"768\" height=\"1024\" src=\"https:\/\/www.ywjunchi.com\/wp-content\/uploads\/2026\/03\/junchi-768x1024.jpg\" class=\"attachment-large size-large wp-image-106\" alt=\"\" srcset=\"https:\/\/www.ywjunchi.com\/wp-content\/uploads\/2026\/03\/junchi-768x1024.jpg 768w, https:\/\/www.ywjunchi.com\/wp-content\/uploads\/2026\/03\/junchi-600x800.jpg 600w, https:\/\/www.ywjunchi.com\/wp-content\/uploads\/2026\/03\/junchi-225x300.jpg 225w, https:\/\/www.ywjunchi.com\/wp-content\/uploads\/2026\/03\/junchi.jpg 1080w\" sizes=\"(max-width: 768px) 100vw, 768px\">\t\t\t\t\t\t\t\t\t\t\t\t\t\t\t<\/div>\n\t\t\t\t<\/div>\n\t\t\t\t\t<\/div>\n\t\t\t\t<\/div>\n\t\t\t\t<\/div>","protected":false},"excerpt":{"rendered":"<p>Yiwu Junchi Packaging Material Firm specializes in R&amp;D,manufacturing,and supply of high-performance packaging materials.As an integrated enterprise with production and trade capabilities,we serve international brands across electronics,cosmetics,food &amp; beverage,and luxury goods sectors,delivering customized packaging solutions that blend functionality,aesthetics,and sustainability. Our product range is engineered to meet diverse industry demands,adhering to global standards and cutting-edge manufacturing processes: [&hellip;]<\/p>\n","protected":false},"author":1,"featured_media":0,"parent":0,"menu_order":0,"comment_status":"closed","ping_status":"closed","template":"","meta":{"footnotes":""},"class_list":["post-27","page","type-page","status-publish","hentry"],"_links":{"self":[{"href":"https:\/\/www.ywjunchi.com\/de\/wp-json\/wp\/v2\/pages\/27","targetHints":{"allow":["GET"]}}],"collection":[{"href":"https:\/\/www.ywjunchi.com\/de\/wp-json\/wp\/v2\/pages"}],"about":[{"href":"https:\/\/www.ywjunchi.com\/de\/wp-json\/wp\/v2\/types\/page"}],"author":[{"embeddable":true,"href":"https:\/\/www.ywjunchi.com\/de\/wp-json\/wp\/v2\/users\/1"}],"replies":[{"embeddable":true,"href":"https:\/\/www.ywjunchi.com\/de\/wp-json\/wp\/v2\/comments?post=27"}],"version-history":[{"count":43,"href":"https:\/\/www.ywjunchi.com\/de\/wp-json\/wp\/v2\/pages\/27\/revisions"}],"predecessor-version":[{"id":536,"href":"https:\/\/www.ywjunchi.com\/de\/wp-json\/wp\/v2\/pages\/27\/revisions\/536"}],"wp:attachment":[{"href":"https:\/\/www.ywjunchi.com\/de\/wp-json\/wp\/v2\/media?parent=27"}],"curies":[{"name":"wp","href":"https:\/\/api.w.org\/{rel}","templated":true}]}}